{"id":9,"date":"2020-01-06T18:58:20","date_gmt":"2020-01-06T18:58:20","guid":{"rendered":"http:\/\/ciic.dev\/?page_id=9"},"modified":"2020-01-21T22:06:35","modified_gmt":"2020-01-21T22:06:35","slug":"home","status":"publish","type":"page","link":"https:\/\/ciic.az\/az\/","title":{"rendered":"Home"},"content":{"rendered":"<p>X\u018fZ\u018fR BEYN\u018fLXALQ \u0130NVEST\u0130S\u0130YA \u015e\u0130RK\u018fT\u0130<\/p>","protected":false},"excerpt":{"rendered":"<p>X\u018fZ\u018fR BEYN\u018fLXALQ \u0130NVEST\u0130S\u0130YA \u015e\u0130RK\u018fT\u0130<\/p>","protected":false},"author":1,"featured_media":11,"parent":0,"menu_order":0,"comment_status":"closed","ping_status":"closed","template":"front-page.php","meta":{"_acf_changed":false,"footnotes":""},"class_list":["post-9","page","type-page","status-publish","has-post-thumbnail","hentry"],"acf":[],"_links":{"self":[{"href":"https:\/\/ciic.az\/az\/wp-json\/wp\/v2\/pages\/9","targetHints":{"allow":["GET"]}}],"collection":[{"href":"https:\/\/ciic.az\/az\/wp-json\/wp\/v2\/pages"}],"about":[{"href":"https:\/\/ciic.az\/az\/wp-json\/wp\/v2\/types\/page"}],"author":[{"embeddable":true,"href":"https:\/\/ciic.az\/az\/wp-json\/wp\/v2\/users\/1"}],"replies":[{"embeddable":true,"href":"https:\/\/ciic.az\/az\/wp-json\/wp\/v2\/comments?post=9"}],"version-history":[{"count":4,"href":"https:\/\/ciic.az\/az\/wp-json\/wp\/v2\/pages\/9\/revisions"}],"predecessor-version":[{"id":63,"href":"https:\/\/ciic.az\/az\/wp-json\/wp\/v2\/pages\/9\/revisions\/63"}],"wp:featuredmedia":[{"embeddable":true,"href":"https:\/\/ciic.az\/az\/wp-json\/wp\/v2\/media\/11"}],"wp:attachment":[{"href":"https:\/\/ciic.az\/az\/wp-json\/wp\/v2\/media?parent=9"}],"curies":[{"name":"wp","href":"https:\/\/api.w.org\/{rel}","templated":true}]}}