{"id":50,"date":"2020-01-15T12:11:44","date_gmt":"2020-01-15T12:11:44","guid":{"rendered":"http:\/\/ciic.dev\/?page_id=50"},"modified":"2020-01-21T08:22:42","modified_gmt":"2020-01-21T08:22:42","slug":"investment-proposal","status":"publish","type":"page","link":"https:\/\/ciic.az\/az\/investment-proposal\/","title":{"rendered":"Investment &#8211; proposal"},"content":{"rendered":"<p class=\"proposal__heading\">XB\u0130\u015e investisiyalar\u0131na a\u015fa\u011f\u0131dak\u0131 sah\u0259l\u0259r \u00fczr\u0259 x\u00fcsusi d\u0259y\u0259r verir:<\/p>\n<p class=\"proposal__list\">\u2022\tMaliyy\u0259l\u0259\u015fdirm\u0259 kanallar\u0131na yard\u0131m edilm\u0259si<br \/>\n\u2022\tSat\u0131\u015f kanallar\u0131na yard\u0131m edilm\u0259si<br \/>\n\u2022\tMaliyy\u0259 v\u0259 \/v\u0259 ya M\u00fchasibatl\u0131q Departamentinin yarad\u0131lmas\u0131<br \/>\n\u2022\tStrateji v\u0259 maliyy\u0259 q\u0259rarlar\u0131n\u0131n q\u0259bul edilm\u0259si<br \/>\n\u2022\tKorporativ idar\u0259etm\u0259nin inki\u015faf etdirilm\u0259si<br \/>\n\u2022\t\u018fm\u0259liyyat v\u0259 maliyy\u0259 sah\u0259sinin yenid\u0259n qurulmas\u0131<\/p>\n<p class=\"proposal__text\">Sahibkarlar v\u0259 i\u015f adamlar\u0131 \u00f6z biznes t\u0259klifl\u0259rini investisiyalara bax\u0131lmas\u0131 \u00fc\u00e7\u00fcn XB\u0130\u015e-\u0259 t\u0259qdim ed\u0259 bil\u0259rl\u0259r.<br \/>\nZ\u0259hm\u0259t olmasa, XB\u0130\u015e-d\u0259n ist\u0259diyiniz investisiya n\u00f6v\u00fcn\u00fc se\u00e7in: (yaln\u0131z bir se\u00e7im edil\u0259 bil\u0259r)<\/p>\n<p>&nbsp;<\/p>\n\n<div class=\"wpcf7 no-js\" id=\"wpcf7-f140-o1\" lang=\"en-US\" dir=\"ltr\" data-wpcf7-id=\"140\">\n<div class=\"screen-reader-response\"><p role=\"status\" aria-live=\"polite\" aria-atomic=\"true\"><\/p> <ul><\/ul><\/div>\n<form action=\"\/az\/wp-json\/wp\/v2\/pages\/50#wpcf7-f140-o1\" method=\"post\" class=\"wpcf7-form init\" aria-label=\"Contact form\" enctype=\"multipart\/form-data\" novalidate=\"novalidate\" data-status=\"init\" data-trp-original-action=\"\/az\/wp-json\/wp\/v2\/pages\/50#wpcf7-f140-o1\">\n<div style=\"display: none;\">\n<input type=\"hidden\" name=\"_wpcf7\" value=\"140\" \/>\n<input type=\"hidden\" name=\"_wpcf7_version\" value=\"6.0.5\" \/>\n<input type=\"hidden\" name=\"_wpcf7_locale\" value=\"en_US\" \/>\n<input type=\"hidden\" name=\"_wpcf7_unit_tag\" value=\"wpcf7-f140-o1\" \/>\n<input type=\"hidden\" name=\"_wpcf7_container_post\" value=\"0\" \/>\n<input type=\"hidden\" name=\"_wpcf7_posted_data_hash\" value=\"\" \/>\n<\/div>\n<p><span class=\"wpcf7-form-control-wrap\" data-name=\"Type\"><span class=\"wpcf7-form-control wpcf7-radio\"><span class=\"wpcf7-list-item first\"><label><span class=\"wpcf7-list-item-label\">Musharakah<\/span><input type=\"radio\" name=\"Type\" value=\"Musharakah\" checked=\"checked\" \/><\/label><\/span><span class=\"wpcf7-list-item last\"><label><span class=\"wpcf7-list-item-label\">Mudarabah<\/span><input type=\"radio\" name=\"Type\" value=\"Mudarabah\" \/><\/label><\/span><\/span><\/span>\n<\/p>\n<p><label> Your Email (required)<br \/>\n<span class=\"wpcf7-form-control-wrap\" data-name=\"your-email\"><input size=\"40\" maxlength=\"400\" class=\"wpcf7-form-control wpcf7-email wpcf7-validates-as-required wpcf7-text wpcf7-validates-as-email\" aria-required=\"true\" aria-invalid=\"false\" value=\"\" type=\"email\" name=\"your-email\" \/><\/span> <\/label>\n<\/p>\n<p><label> Your Message<br \/>\n<span class=\"wpcf7-form-control-wrap\" data-name=\"your-message\"><textarea cols=\"40\" rows=\"10\" maxlength=\"2000\" class=\"wpcf7-form-control wpcf7-textarea\" aria-invalid=\"false\" name=\"your-message\"><\/textarea><\/span> <\/label>\n<\/p>\n<p><label> Attach proposal file<br \/>\n<span class=\"wpcf7-form-control-wrap\" data-name=\"Proposal\"><input size=\"40\" class=\"wpcf7-form-control wpcf7-file\" accept=\".pdf\" aria-invalid=\"false\" type=\"file\" name=\"Proposal\" \/><\/span><br \/>\n<\/label>\n<\/p>\n<p><input class=\"wpcf7-form-control wpcf7-submit has-spinner btn-send-proposal\" type=\"submit\" value=\"Send proposal\" \/>\n<\/p><div class=\"wpcf7-response-output\" aria-hidden=\"true\"><\/div>\n<input type=\"hidden\" name=\"trp-form-language\" value=\"az\"\/><\/form>\n<\/div>","protected":false},"excerpt":{"rendered":"<p>CIIC&#8217;s creates value in its investments in the following areas: &#8211; Assisting in Financing channels &#8211; Assisting in Sales channels &#8211; Establishment of the Finance and\/or Accounting department &#8211; Strategic and financial decision making &#8211; Development of corporate governance &#8211; Operational and financial restructuring Entrepreneurs and business people can submit their business proposals to CIIC [&hellip;]<\/p>","protected":false},"author":1,"featured_media":45,"parent":0,"menu_order":0,"comment_status":"closed","ping_status":"closed","template":"page-investment-proposal.php","meta":{"_acf_changed":false,"footnotes":""},"class_list":["post-50","page","type-page","status-publish","has-post-thumbnail","hentry"],"acf":[],"_links":{"self":[{"href":"https:\/\/ciic.az\/az\/wp-json\/wp\/v2\/pages\/50","targetHints":{"allow":["GET"]}}],"collection":[{"href":"https:\/\/ciic.az\/az\/wp-json\/wp\/v2\/pages"}],"about":[{"href":"https:\/\/ciic.az\/az\/wp-json\/wp\/v2\/types\/page"}],"author":[{"embeddable":true,"href":"https:\/\/ciic.az\/az\/wp-json\/wp\/v2\/users\/1"}],"replies":[{"embeddable":true,"href":"https:\/\/ciic.az\/az\/wp-json\/wp\/v2\/comments?post=50"}],"version-history":[{"count":4,"href":"https:\/\/ciic.az\/az\/wp-json\/wp\/v2\/pages\/50\/revisions"}],"predecessor-version":[{"id":141,"href":"https:\/\/ciic.az\/az\/wp-json\/wp\/v2\/pages\/50\/revisions\/141"}],"wp:featuredmedia":[{"embeddable":true,"href":"https:\/\/ciic.az\/az\/wp-json\/wp\/v2\/media\/45"}],"wp:attachment":[{"href":"https:\/\/ciic.az\/az\/wp-json\/wp\/v2\/media?parent=50"}],"curies":[{"name":"wp","href":"https:\/\/api.w.org\/{rel}","templated":true}]}}