{"id":43,"date":"2020-01-15T12:05:17","date_gmt":"2020-01-15T12:05:17","guid":{"rendered":"http:\/\/ciic.dev\/?page_id=43"},"modified":"2020-02-12T07:18:57","modified_gmt":"2020-02-12T07:18:57","slug":"investment-criteria","status":"publish","type":"page","link":"https:\/\/ciic.az\/az\/investment-criteria\/","title":{"rendered":"Investment &#8211; criteria"},"content":{"rendered":"<p>&nbsp;<\/p>\n<div class=\"criteria__grid\">\n<div class=\"criteria__headings\">\n<p class=\"criteria__headings-item\">\u0130nvestisiya n\u00f6v\u00fc<\/p>\n<p class=\"criteria__headings-item\">\u0130nvestisiya diapazonu<\/p>\n<p class=\"criteria__headings-item\">Minimum IRR<\/p>\n<p class=\"criteria__headings-item\">Co\u011frafi \u0259razi<\/p>\n<p class=\"criteria__headings-item\">S\u0259nay\u0259 sah\u0259l\u0259ri<\/p>\n<p class=\"criteria__headings-item\">\u0130nvestisiya m\u00fcdd\u0259ti<\/p>\n<p class=\"criteria__headings-item\">\u00c7\u0131x\u0131\u015f se\u00e7\u0131ml\u0259ri<\/p>\n<p class=\"criteria__headings-item\">Dig\u0259r m\u0259hdudiyy\u0259tl\u0259r<\/p>\n<\/div>\n<div class=\"criteria__table\">\n<div class=\"criteria__row criteria__row--double\">\n<p class=\"criteria__content\"><b>Mu\u015faraka<\/b><\/p>\n<p class=\"criteria__content\"><b>Mudaraba<\/b><\/p>\n<\/div>\n<div class=\"criteria__row criteria__row--double\">\n<p class=\"criteria__content\">AZN 1 mln &#8211; 5 mln<\/p>\n<p class=\"criteria__content\">AZN 200k &#8211; 500k<\/p>\n<\/div>\n<div class=\"criteria__row criteria__row--double\">\n<p class=\"criteria__content\">20%<\/p>\n<p class=\"criteria__content\">25%<\/p>\n<\/div>\n<div class=\"criteria__row\">\n<p class=\"criteria__content\">Az\u0259rbaycan<\/p>\n<\/div>\n<div class=\"criteria__row\">\n<p class=\"criteria__content\">Maliyy\u0259 v\u0259 neft-qaz sektoru istisna olmaqladig\u0259r sah\u0259l\u0259r<\/p>\n<\/div>\n<div class=\"criteria__row\">\n<p class=\"criteria__content\">3-5 il<\/p>\n<\/div>\n<div class=\"criteria__row\">\n<p class=\"criteria__content\">Layih\u0259 partnyoruna dair \u0259m\u0259liyyatlar; \nkommersiya v\u0259 ya strateji sat\u0131\u015flar; \nyerli v\u0259 beyn\u0259lxalq m\u00fcbadil\u0259l\u0259r\u0259 dair siyah\u0131<\/p>\n<\/div>\n<div class=\"criteria__row\">\n<p class=\"criteria__content\">Silah v\u0259 spirtli i\u00e7kil\u0259rin istehsal\u0131na c\u0259lb olunan biznes sah\u0259l\u0259ri<\/p>\n<\/div>\n<\/div>\n<\/div>","protected":false},"excerpt":{"rendered":"<p>&nbsp; Type of Investment Investment range Minimum rate of return Geographies Industries Holding period Exit options Other limitations Musharaka Mudaraba AZN 1 mln &#8211; 5 mln AZN 200k &#8211; 500k 20% 25% Azerbaijan All sectors excluding financial and oil &amp; gas industries 3-5 il Put to project partner, trade or strategic sales: listing on local [&hellip;]<\/p>","protected":false},"author":1,"featured_media":45,"parent":0,"menu_order":0,"comment_status":"closed","ping_status":"closed","template":"page-investment-criteria.php","meta":{"_acf_changed":false,"footnotes":""},"class_list":["post-43","page","type-page","status-publish","has-post-thumbnail","hentry"],"acf":[],"_links":{"self":[{"href":"https:\/\/ciic.az\/az\/wp-json\/wp\/v2\/pages\/43","targetHints":{"allow":["GET"]}}],"collection":[{"href":"https:\/\/ciic.az\/az\/wp-json\/wp\/v2\/pages"}],"about":[{"href":"https:\/\/ciic.az\/az\/wp-json\/wp\/v2\/types\/page"}],"author":[{"embeddable":true,"href":"https:\/\/ciic.az\/az\/wp-json\/wp\/v2\/users\/1"}],"replies":[{"embeddable":true,"href":"https:\/\/ciic.az\/az\/wp-json\/wp\/v2\/comments?post=43"}],"version-history":[{"count":10,"href":"https:\/\/ciic.az\/az\/wp-json\/wp\/v2\/pages\/43\/revisions"}],"predecessor-version":[{"id":200,"href":"https:\/\/ciic.az\/az\/wp-json\/wp\/v2\/pages\/43\/revisions\/200"}],"wp:featuredmedia":[{"embeddable":true,"href":"https:\/\/ciic.az\/az\/wp-json\/wp\/v2\/media\/45"}],"wp:attachment":[{"href":"https:\/\/ciic.az\/az\/wp-json\/wp\/v2\/media?parent=43"}],"curies":[{"name":"wp","href":"https:\/\/api.w.org\/{rel}","templated":true}]}}