{"id":38,"date":"2020-01-15T09:14:57","date_gmt":"2020-01-15T09:14:57","guid":{"rendered":"http:\/\/ciic.dev\/?page_id=38"},"modified":"2020-02-11T10:44:39","modified_gmt":"2020-02-11T10:44:39","slug":"about-careers","status":"publish","type":"page","link":"https:\/\/ciic.az\/az\/about-careers\/","title":{"rendered":"About us &#8211; Careers"},"content":{"rendered":"<p class=\"tabs__heading\"><strong>XB\u0130\u015e siz\u0259 n\u0259 v\u0259d edir<\/strong><\/p>\n<p>Biz i\u015f\u00e7il\u0259rimizin \u015firk\u0259timizin \u0259n m\u00fch\u00fcm aktivl\u0259ri oldu\u011funu v\u0259 \u015firk\u0259timizin u\u011furunun v\u0259 m\u00fcv\u0259ff\u0259qiyy\u0259tinin onlar\u0131n f\u0259aliyy\u0259tind\u0259n, inki\u015faf v\u0259 motivasiyas\u0131ndan as\u0131l\u0131 oldu\u011funu bilirik. M\u0259qs\u0259dimiz \u015firk\u0259t il\u0259 qurduqlar\u0131 karyeralar\u0131nda komandan\u0131 \u0259n y\u00fcks\u0259k h\u0259d\u0259fl\u0259r\u0259 nail olma\u011fa v\u0259 inki\u015faf \u00fczr\u0259  b\u00f6y\u00fck nailiyy\u0259tl\u0259r qazanma\u011fa c\u0259lb etm\u0259k, h\u0259v\u0259sl\u0259ndirm\u0259k v\u0259 motivasiya etm\u0259kdir.\nBiz y\u00fcks\u0259k analitik bacar\u0131qlara v\u0259 t\u0259nqidi d\u00fc\u015f\u00fcnc\u0259y\u0259, el\u0259c\u0259 d\u0259, probleml\u0259rin h\u0259ll edilm\u0259si qabiliyy\u0259tl\u0259rin\u0259 malik olan istedadl\u0131 insanlar axtar\u0131r\u0131q. T\u0259\u015f\u0259bb\u00fcskar f\u0259aliyy\u0259t v\u0259 yarad\u0131c\u0131 d\u00fc\u015f\u00fcnc\u0259 i\u015f\u00e7il\u0259ri i\u015f\u0259 g\u00f6t\u00fcr\u0259n zaman diqq\u0259t yetirdiyimiz \u0259n \u0259sas keyfiyy\u0259tl\u0259rd\u0259n biridir.<\/p>\n<p>We are looking for talented people armed with highly analytical skills and critical thinking as well as problem solving abilities. Entrepreneurial drive and creative thinking are one of the key qualities we focus on when hiring employees.<\/p>\n<p>&nbsp;<\/p>\n<p class=\"tabs__heading\"><strong>M\u00fcraci\u0259t qaydas\u0131<\/strong><\/p>\n<p><span style=\"font-family: Times New Roman, serif;\"><span style=\"font-size: medium;\"><em><span style=\"color: #424242;\"><span style=\"font-family: Calibri, serif;\">Hal-haz\u0131rda a\u00e7\u0131q vakansiya m\u00f6vcud deyil.<\/span><\/span><\/em><\/span><\/span><\/p>","protected":false},"excerpt":{"rendered":"<p>What CIIC will bring you We realize that our employees are the most important assets of our company, and the company\u2019s success depends on their performance, development and motivation. Our aim is attracting, retaining and motivating personnel to achieve higher goals and attain greater opportunities for advancement in their career with the company. We are [&hellip;]<\/p>","protected":false},"author":1,"featured_media":16,"parent":0,"menu_order":0,"comment_status":"closed","ping_status":"closed","template":"page-about-careers.php","meta":{"_acf_changed":false,"footnotes":""},"class_list":["post-38","page","type-page","status-publish","has-post-thumbnail","hentry"],"acf":[],"_links":{"self":[{"href":"https:\/\/ciic.az\/az\/wp-json\/wp\/v2\/pages\/38","targetHints":{"allow":["GET"]}}],"collection":[{"href":"https:\/\/ciic.az\/az\/wp-json\/wp\/v2\/pages"}],"about":[{"href":"https:\/\/ciic.az\/az\/wp-json\/wp\/v2\/types\/page"}],"author":[{"embeddable":true,"href":"https:\/\/ciic.az\/az\/wp-json\/wp\/v2\/users\/1"}],"replies":[{"embeddable":true,"href":"https:\/\/ciic.az\/az\/wp-json\/wp\/v2\/comments?post=38"}],"version-history":[{"count":5,"href":"https:\/\/ciic.az\/az\/wp-json\/wp\/v2\/pages\/38\/revisions"}],"predecessor-version":[{"id":174,"href":"https:\/\/ciic.az\/az\/wp-json\/wp\/v2\/pages\/38\/revisions\/174"}],"wp:featuredmedia":[{"embeddable":true,"href":"https:\/\/ciic.az\/az\/wp-json\/wp\/v2\/media\/16"}],"wp:attachment":[{"href":"https:\/\/ciic.az\/az\/wp-json\/wp\/v2\/media?parent=38"}],"curies":[{"name":"wp","href":"https:\/\/api.w.org\/{rel}","templated":true}]}}