{"id":36,"date":"2020-01-15T09:10:36","date_gmt":"2020-01-15T09:10:36","guid":{"rendered":"http:\/\/ciic.dev\/?page_id=36"},"modified":"2020-02-11T10:42:10","modified_gmt":"2020-02-11T10:42:10","slug":"about-governance-managment","status":"publish","type":"page","link":"https:\/\/ciic.az\/az\/about-governance-managment\/","title":{"rendered":"About us &#8211; Governance &#8211; Managment"},"content":{"rendered":"<ul>\n<li>S\u0259hmdarlar\u0131n b\u00fct\u00fcn n\u00fcmay\u0259nd\u0259l\u0259rind\u0259n ibar\u0259tdir<\/li>\n<li>XB\u0130\u015e-in f\u0259aliyy\u0259tind\u0259 \u00fcmumi n\u0259zar\u0259t\u0259 malikdir v\u0259 investisiyalara v\u0259 \u015firk\u0259tin g\u00fcnd\u0259lik f\u0259aliyy\u0259tin\u0259 dair \u0259sas q\u0259rar q\u0259buledicisi kimi \u00e7\u0131x\u0131\u015f edir<\/li>\n<li>\u0130nvestisiya portfelinin monitorinqini apar\u0131r<\/li>\n<\/ul>","protected":false},"excerpt":{"rendered":"<p>Exercises the day-to-day management of the Company and conducts business development Carries out analysis of prospective investments, including sourcing, due-diligence and exit proposals of prospective investments and makes subsequent recommendations to Supervisory Board Conducts monitoring of investment portfolio<\/p>","protected":false},"author":1,"featured_media":16,"parent":0,"menu_order":0,"comment_status":"closed","ping_status":"closed","template":"page-about-governance-managment.php","meta":{"_acf_changed":false,"footnotes":""},"class_list":["post-36","page","type-page","status-publish","has-post-thumbnail","hentry"],"acf":[],"_links":{"self":[{"href":"https:\/\/ciic.az\/az\/wp-json\/wp\/v2\/pages\/36","targetHints":{"allow":["GET"]}}],"collection":[{"href":"https:\/\/ciic.az\/az\/wp-json\/wp\/v2\/pages"}],"about":[{"href":"https:\/\/ciic.az\/az\/wp-json\/wp\/v2\/types\/page"}],"author":[{"embeddable":true,"href":"https:\/\/ciic.az\/az\/wp-json\/wp\/v2\/users\/1"}],"replies":[{"embeddable":true,"href":"https:\/\/ciic.az\/az\/wp-json\/wp\/v2\/comments?post=36"}],"version-history":[{"count":3,"href":"https:\/\/ciic.az\/az\/wp-json\/wp\/v2\/pages\/36\/revisions"}],"predecessor-version":[{"id":170,"href":"https:\/\/ciic.az\/az\/wp-json\/wp\/v2\/pages\/36\/revisions\/170"}],"wp:featuredmedia":[{"embeddable":true,"href":"https:\/\/ciic.az\/az\/wp-json\/wp\/v2\/media\/16"}],"wp:attachment":[{"href":"https:\/\/ciic.az\/az\/wp-json\/wp\/v2\/media?parent=36"}],"curies":[{"name":"wp","href":"https:\/\/api.w.org\/{rel}","templated":true}]}}