{"id":34,"date":"2020-01-15T09:06:13","date_gmt":"2020-01-15T09:06:13","guid":{"rendered":"http:\/\/ciic.dev\/?page_id=34"},"modified":"2020-02-11T10:43:02","modified_gmt":"2020-02-11T10:43:02","slug":"about-governance-supervisory","status":"publish","type":"page","link":"https:\/\/ciic.az\/az\/about-governance-supervisory\/","title":{"rendered":"About us &#8211; Governance &#8211; Supervisory"},"content":{"rendered":"<ul>\n<li>S\u0259hmdarlar\u0131n b\u00fct\u00fcn n\u00fcmay\u0259nd\u0259l\u0259rind\u0259n ibar\u0259tdir<\/li>\n<li>XB\u0130\u015e-in f\u0259aliyy\u0259tind\u0259 \u00fcmumi n\u0259zar\u0259t\u0259 malikdir v\u0259 investisiyalara dair \u0259sas q\u0259rar q\u0259buledicisi kimi \u00e7\u0131x\u0131\u015f edir<\/li>\n<\/ul>","protected":false},"excerpt":{"rendered":"<p>Consists of the representatives of shareholders Has an overall controll over the business of CIIC and acts as the ultimate decision maker on ivestments<\/p>","protected":false},"author":1,"featured_media":16,"parent":0,"menu_order":0,"comment_status":"closed","ping_status":"closed","template":"page-about-governance-supervisory.php","meta":{"_acf_changed":false,"footnotes":""},"class_list":["post-34","page","type-page","status-publish","has-post-thumbnail","hentry"],"acf":[],"_links":{"self":[{"href":"https:\/\/ciic.az\/az\/wp-json\/wp\/v2\/pages\/34","targetHints":{"allow":["GET"]}}],"collection":[{"href":"https:\/\/ciic.az\/az\/wp-json\/wp\/v2\/pages"}],"about":[{"href":"https:\/\/ciic.az\/az\/wp-json\/wp\/v2\/types\/page"}],"author":[{"embeddable":true,"href":"https:\/\/ciic.az\/az\/wp-json\/wp\/v2\/users\/1"}],"replies":[{"embeddable":true,"href":"https:\/\/ciic.az\/az\/wp-json\/wp\/v2\/comments?post=34"}],"version-history":[{"count":3,"href":"https:\/\/ciic.az\/az\/wp-json\/wp\/v2\/pages\/34\/revisions"}],"predecessor-version":[{"id":171,"href":"https:\/\/ciic.az\/az\/wp-json\/wp\/v2\/pages\/34\/revisions\/171"}],"wp:featuredmedia":[{"embeddable":true,"href":"https:\/\/ciic.az\/az\/wp-json\/wp\/v2\/media\/16"}],"wp:attachment":[{"href":"https:\/\/ciic.az\/az\/wp-json\/wp\/v2\/media?parent=34"}],"curies":[{"name":"wp","href":"https:\/\/api.w.org\/{rel}","templated":true}]}}