{"id":333,"date":"2020-03-05T14:02:00","date_gmt":"2020-03-05T14:02:00","guid":{"rendered":"https:\/\/pilot.ciic.az\/?page_id=333"},"modified":"2020-03-05T14:24:11","modified_gmt":"2020-03-05T14:24:11","slug":"agroterm-llc","status":"publish","type":"page","link":"https:\/\/ciic.az\/az\/agroterm-llc\/","title":{"rendered":"Agroterm LLC"},"content":{"rendered":"<p style=\"text-align: center;\">Q\u0131sa m\u0259lumat:<b> <\/b>2017-ci ilin aprel ay\u0131nda XB\u0130\u015e <span lang=\"az-Latn-AZ\">m\u00fcasir \u015f\u00fc\u015f\u0259 istixana kompleksi layih\u0259sin\u0259 investisiya edib. S\u00f6z\u00fcged\u0259n layih\u0259 \u00e7\u0259r\u00e7iv\u0259sind\u0259 il \u0259rzind\u0259 yeti\u015fdiril\u0259n pomidorlar sonradan m\u00fc\u015ft\u0259ril\u0259r\u0259 sat\u0131l\u0131r.<\/span><\/p>\n<p style=\"text-align: center;\">Ortaq: H\u00fcquqi \u015f\u0259xs.<\/p>\n<p style=\"text-align: center;\">XB\u0130\u015e-in pay\u0131: 30%<\/p>\n<p style=\"text-align: center;\">Haz\u0131rki status: F\u0259aliyy\u0259t g\u00f6st\u0259rir.<\/p>","protected":false},"excerpt":{"rendered":"<p>Short information: On april 2017, CIIC has invested in glass greenhouse complex project. Under this project, tomatoes grown throughout the year are then sold to customers. Partner: Legal partner Share of CIIC: 30% Current status: Active<\/p>","protected":false},"author":1,"featured_media":0,"parent":0,"menu_order":0,"comment_status":"closed","ping_status":"closed","template":"","meta":{"_acf_changed":false,"footnotes":""},"class_list":["post-333","page","type-page","status-publish","hentry"],"acf":[],"_links":{"self":[{"href":"https:\/\/ciic.az\/az\/wp-json\/wp\/v2\/pages\/333","targetHints":{"allow":["GET"]}}],"collection":[{"href":"https:\/\/ciic.az\/az\/wp-json\/wp\/v2\/pages"}],"about":[{"href":"https:\/\/ciic.az\/az\/wp-json\/wp\/v2\/types\/page"}],"author":[{"embeddable":true,"href":"https:\/\/ciic.az\/az\/wp-json\/wp\/v2\/users\/1"}],"replies":[{"embeddable":true,"href":"https:\/\/ciic.az\/az\/wp-json\/wp\/v2\/comments?post=333"}],"version-history":[{"count":2,"href":"https:\/\/ciic.az\/az\/wp-json\/wp\/v2\/pages\/333\/revisions"}],"predecessor-version":[{"id":337,"href":"https:\/\/ciic.az\/az\/wp-json\/wp\/v2\/pages\/333\/revisions\/337"}],"wp:attachment":[{"href":"https:\/\/ciic.az\/az\/wp-json\/wp\/v2\/media?parent=333"}],"curies":[{"name":"wp","href":"https:\/\/api.w.org\/{rel}","templated":true}]}}