{"id":331,"date":"2020-03-05T14:01:46","date_gmt":"2020-03-05T14:01:46","guid":{"rendered":"https:\/\/pilot.ciic.az\/?page_id=331"},"modified":"2020-03-06T13:01:02","modified_gmt":"2020-03-06T13:01:02","slug":"our-ochards-llc","status":"publish","type":"page","link":"https:\/\/ciic.az\/az\/our-ochards-llc\/","title":{"rendered":"Our Ochards LLC"},"content":{"rendered":"<p style=\"text-align: center;\">Q\u0131sa m\u0259lumat: 2016-c\u0131 ilin dekabr ay\u0131nda, XB\u0130\u015e intensive alma ba\u011flar\u0131 layih\u0259sin\u0259 s\u0259rmay\u0259 edib. \u0130ntensifikasiya m\u0259ntiqi ba\u011flar\u0131n ilkin ill\u0259r \u0259rzind\u0259 m\u0259hsul y\u0131\u011f\u0131m\u0131n\u0131 t\u0259min ed\u0259r\u0259k qurulu\u015f x\u0259rcl\u0259rinin  tez bir zamanda b\u0259rpa edilm\u0259sini b\u0259yan edir.<\/p>\n<p style=\"text-align: center;\">Ortaq: Yerli sahibkar.<\/p>\n<p style=\"text-align: center;\">XB\u0130\u015e-in pay\u0131: 65%<\/p>\n<p style=\"text-align: center;\">Haz\u0131rki status: F\u0259aliyy\u0259t g\u00f6st\u0259rir.<\/p>\n<p style=\"text-align: center;\">","protected":false},"excerpt":{"rendered":"<p>Short information: On December 2016, CIIC has invested in apple gardens. The logic of intensification, declares a rapid recovery of the cost of the structure by providing low cost collection for the first few years. Partner: Local owner Share of CIIC: 65% Current status: Active<\/p>","protected":false},"author":1,"featured_media":0,"parent":0,"menu_order":0,"comment_status":"closed","ping_status":"closed","template":"","meta":{"_acf_changed":false,"footnotes":""},"class_list":["post-331","page","type-page","status-publish","hentry"],"acf":[],"_links":{"self":[{"href":"https:\/\/ciic.az\/az\/wp-json\/wp\/v2\/pages\/331","targetHints":{"allow":["GET"]}}],"collection":[{"href":"https:\/\/ciic.az\/az\/wp-json\/wp\/v2\/pages"}],"about":[{"href":"https:\/\/ciic.az\/az\/wp-json\/wp\/v2\/types\/page"}],"author":[{"embeddable":true,"href":"https:\/\/ciic.az\/az\/wp-json\/wp\/v2\/users\/1"}],"replies":[{"embeddable":true,"href":"https:\/\/ciic.az\/az\/wp-json\/wp\/v2\/comments?post=331"}],"version-history":[{"count":2,"href":"https:\/\/ciic.az\/az\/wp-json\/wp\/v2\/pages\/331\/revisions"}],"predecessor-version":[{"id":344,"href":"https:\/\/ciic.az\/az\/wp-json\/wp\/v2\/pages\/331\/revisions\/344"}],"wp:attachment":[{"href":"https:\/\/ciic.az\/az\/wp-json\/wp\/v2\/media?parent=331"}],"curies":[{"name":"wp","href":"https:\/\/api.w.org\/{rel}","templated":true}]}}