{"id":329,"date":"2020-03-05T14:01:16","date_gmt":"2020-03-05T14:01:16","guid":{"rendered":"https:\/\/pilot.ciic.az\/?page_id=329"},"modified":"2020-03-06T13:00:22","modified_gmt":"2020-03-06T13:00:22","slug":"agro-trading-llc","status":"publish","type":"page","link":"https:\/\/ciic.az\/az\/agro-trading-llc\/","title":{"rendered":"Agro Trading LLC"},"content":{"rendered":"<p style=\"text-align: center;\">Q\u0131sa m\u0259lumat:<\/p>\n<p style=\"text-align: center;\">\u0130nvestisiya portfelinin diversifikasiyas\u0131 v\u0259 \u00f6lk\u0259nin eksport potensial\u0131n\u0131 d\u0259st\u0259kl\u0259m\u0259k m\u0259qs\u0259dil\u0259 2016-c\u0131 ilin oktyab\u0131r\u0131nda XB\u0130\u015e ticar\u0259t \u015firk\u0259ti yarad\u0131b.  \u015eirk\u0259tin \u0259sas m\u0259qs\u0259di qon\u015fu \u00f6lk\u0259l\u0259rin bazar\u0131na m\u00f6vs\u00fcm m\u0259hsullar\u0131n\u0131n, \u0259sas\u0259n meyv\u0259 v\u0259 t\u0259r\u0259v\u0259zin eksportudur<\/p>\n<p style=\"text-align: center;\">XB\u0130\u015e-in pay\u0131: 53%<\/p>\n<p style=\"text-align: center;\">Haz\u0131rki status: F\u0259aliyy\u0259t g\u00f6st\u0259rir.<\/p>\n<p style=\"text-align: center;\">","protected":false},"excerpt":{"rendered":"<p>Short information: To diversify the investment portfolio and support the country\u2019s export potensial, on October 2016, CIIC has created a trading company. The main purpose of company is to export seasonal products, fruits and vegetables to neighboring countries. Share of CIIC: 53% Current status: Active<\/p>","protected":false},"author":1,"featured_media":0,"parent":0,"menu_order":0,"comment_status":"closed","ping_status":"closed","template":"","meta":{"_acf_changed":false,"footnotes":""},"class_list":["post-329","page","type-page","status-publish","hentry"],"acf":[],"_links":{"self":[{"href":"https:\/\/ciic.az\/az\/wp-json\/wp\/v2\/pages\/329","targetHints":{"allow":["GET"]}}],"collection":[{"href":"https:\/\/ciic.az\/az\/wp-json\/wp\/v2\/pages"}],"about":[{"href":"https:\/\/ciic.az\/az\/wp-json\/wp\/v2\/types\/page"}],"author":[{"embeddable":true,"href":"https:\/\/ciic.az\/az\/wp-json\/wp\/v2\/users\/1"}],"replies":[{"embeddable":true,"href":"https:\/\/ciic.az\/az\/wp-json\/wp\/v2\/comments?post=329"}],"version-history":[{"count":2,"href":"https:\/\/ciic.az\/az\/wp-json\/wp\/v2\/pages\/329\/revisions"}],"predecessor-version":[{"id":343,"href":"https:\/\/ciic.az\/az\/wp-json\/wp\/v2\/pages\/329\/revisions\/343"}],"wp:attachment":[{"href":"https:\/\/ciic.az\/az\/wp-json\/wp\/v2\/media?parent=329"}],"curies":[{"name":"wp","href":"https:\/\/api.w.org\/{rel}","templated":true}]}}