{"id":327,"date":"2020-03-05T14:00:59","date_gmt":"2020-03-05T14:00:59","guid":{"rendered":"https:\/\/pilot.ciic.az\/?page_id=327"},"modified":"2020-03-05T14:00:59","modified_gmt":"2020-03-05T14:00:59","slug":"a-plastic-llc","status":"publish","type":"page","link":"https:\/\/ciic.az\/az\/a-plastic-llc\/","title":{"rendered":"A-plastic LLC"},"content":{"rendered":"<p>Q\u0131sa m\u0259lumat: 2016-c\u0131 ilin avqust ay\u0131nda XB\u0130\u015e plastic taralar\u0131n istehsal\u0131ni n\u0259z\u0259rd\u0259 tutan yeni layih\u0259y\u0259 investisiya yat\u0131r\u0131m\u0131 edib. <span lang=\"az-Latn-AZ\">S\u00f6z\u00fcged\u0259n taralar <\/span>g\u0259l\u0259c\u0259kd\u0259 aqrar biznesda f\u0259aliyy\u0259t g\u00f6st\u0259r\u0259n \u015firk\u0259tl\u0259r\u0259 sat\u0131l\u0131r.<\/p>\n<p>Ortaq: Yerli sahibkar.<\/p>\n<p>XB\u0130\u015e-in pay\u0131: 53%<\/p>\n<p>Haz\u0131rki status: F\u0259aliyy\u0259t g\u00f6st\u0259rir.<\/p>","protected":false},"excerpt":{"rendered":"<p>Short information: On august 2016, CIIC has invested in a new project for the production of plastic combs. These combs sold to the companies operating in the agrarian business in the futire. Partner: Local owner Share of CIIC: 53% Current Status: Active<\/p>","protected":false},"author":1,"featured_media":0,"parent":0,"menu_order":0,"comment_status":"closed","ping_status":"closed","template":"","meta":{"_acf_changed":false,"footnotes":""},"class_list":["post-327","page","type-page","status-publish","hentry"],"acf":[],"_links":{"self":[{"href":"https:\/\/ciic.az\/az\/wp-json\/wp\/v2\/pages\/327","targetHints":{"allow":["GET"]}}],"collection":[{"href":"https:\/\/ciic.az\/az\/wp-json\/wp\/v2\/pages"}],"about":[{"href":"https:\/\/ciic.az\/az\/wp-json\/wp\/v2\/types\/page"}],"author":[{"embeddable":true,"href":"https:\/\/ciic.az\/az\/wp-json\/wp\/v2\/users\/1"}],"replies":[{"embeddable":true,"href":"https:\/\/ciic.az\/az\/wp-json\/wp\/v2\/comments?post=327"}],"version-history":[{"count":1,"href":"https:\/\/ciic.az\/az\/wp-json\/wp\/v2\/pages\/327\/revisions"}],"predecessor-version":[{"id":328,"href":"https:\/\/ciic.az\/az\/wp-json\/wp\/v2\/pages\/327\/revisions\/328"}],"wp:attachment":[{"href":"https:\/\/ciic.az\/az\/wp-json\/wp\/v2\/media?parent=327"}],"curies":[{"name":"wp","href":"https:\/\/api.w.org\/{rel}","templated":true}]}}