{"id":325,"date":"2020-03-05T14:00:41","date_gmt":"2020-03-05T14:00:41","guid":{"rendered":"https:\/\/pilot.ciic.az\/?page_id=325"},"modified":"2020-03-06T12:59:34","modified_gmt":"2020-03-06T12:59:34","slug":"t-tomatoes-llc","status":"publish","type":"page","link":"https:\/\/ciic.az\/az\/t-tomatoes-llc\/","title":{"rendered":"T-Tomatoes LLC"},"content":{"rendered":"<p style=\"text-align: center;\">Q\u0131sa m\u0259lumat: 2016-c\u0131 ilin iyun ay\u0131nda, XB\u0130\u015e aqrar sektoru t\u0259msil ed\u0259n v\u0259 Bak\u0131 \u0259traf\u0131nda 3.9 hektar sah\u0259sind\u0259 yerl\u0259\u015f\u0259n polikarbonat istixana layih\u0259s\u0259 yat\u0131r\u0131m edib. \u0130l \u0259rzind\u0259 yeti\u015fdiril\u0259n pomidorlar sonradan  qon\u015fu \u00f6lk\u0259l\u0259rin t\u0259l\u0259bat\u0131n\u0131 qar\u015f\u0131lamaq m\u0259qs\u0259di il\u0259 h\u0259min \u00f6lk\u0259l\u0259r\u0259 eksport edilir.<\/p>\n<p style=\"text-align: center;\">Ortaq: Yerli sahibkar.<\/p>\n<p style=\"text-align: center;\">XB\u0130\u015e-in pay\u0131: 50%<\/p>\n<p style=\"text-align: center;\">Haz\u0131rki status: F\u0259aliyy\u0259t g\u00f6st\u0259rir.<\/p>\n<p style=\"text-align: center;\">","protected":false},"excerpt":{"rendered":"<p>Short information: On june 2016, CIIC has invested to polycarbonate Greenhouse Project which is representing the agrarian sector and located in the area of 3.9 hectares around Baku. Tomatoes grown during the year, then exported to the neighboring countries to meet their needs. Partner: Local partner Share of CIIC: 50% Current status: Active<\/p>","protected":false},"author":1,"featured_media":0,"parent":0,"menu_order":0,"comment_status":"closed","ping_status":"closed","template":"","meta":{"_acf_changed":false,"footnotes":""},"class_list":["post-325","page","type-page","status-publish","hentry"],"acf":[],"_links":{"self":[{"href":"https:\/\/ciic.az\/az\/wp-json\/wp\/v2\/pages\/325","targetHints":{"allow":["GET"]}}],"collection":[{"href":"https:\/\/ciic.az\/az\/wp-json\/wp\/v2\/pages"}],"about":[{"href":"https:\/\/ciic.az\/az\/wp-json\/wp\/v2\/types\/page"}],"author":[{"embeddable":true,"href":"https:\/\/ciic.az\/az\/wp-json\/wp\/v2\/users\/1"}],"replies":[{"embeddable":true,"href":"https:\/\/ciic.az\/az\/wp-json\/wp\/v2\/comments?post=325"}],"version-history":[{"count":2,"href":"https:\/\/ciic.az\/az\/wp-json\/wp\/v2\/pages\/325\/revisions"}],"predecessor-version":[{"id":342,"href":"https:\/\/ciic.az\/az\/wp-json\/wp\/v2\/pages\/325\/revisions\/342"}],"wp:attachment":[{"href":"https:\/\/ciic.az\/az\/wp-json\/wp\/v2\/media?parent=325"}],"curies":[{"name":"wp","href":"https:\/\/api.w.org\/{rel}","templated":true}]}}