{"id":323,"date":"2020-03-05T14:00:20","date_gmt":"2020-03-05T14:00:20","guid":{"rendered":"https:\/\/pilot.ciic.az\/?page_id=323"},"modified":"2020-03-05T14:00:20","modified_gmt":"2020-03-05T14:00:20","slug":"a-agro-llc","status":"publish","type":"page","link":"https:\/\/ciic.az\/az\/a-agro-llc\/","title":{"rendered":"A-Agro LLC"},"content":{"rendered":"<p>Q\u0131sa m\u0259lumat: 2010-cu ilin mart ay\u0131nda, XB\u0130\u015e \u00f6lk\u0259d\u0259 \u0259n iri kah\u0131 istehsal\u00e7\u0131lar\u0131ndan biri il\u0259 birl\u0259\u015fib Bak\u0131 \u0259traf\u0131nda yerl\u0259\u015f\u0259n A Agro \u015firk\u0259tinin t\u0259m\u0259lini qoyub. \u015eirk\u0259t keytrinq v\u0259 restoran biznesind\u0259 f\u0259aliyyat g\u00f6st\u0259r\u0259n bir \u00e7ox \u015firk\u0259tl\u0259rn\u0259n u\u00f6urlu \u0259m\u0259kda\u015fl\u0131q ba\u011flar\u0131 qurub.<\/p>\n<p>Ortaq: H\u00fcquqi \u015f\u0259xs.<\/p>\n<p>XB\u0130\u015e-in pay\u0131: 68%<\/p>\n<p>Haz\u0131rki status: F\u0259aliyy\u0259t g\u00f6st\u0259rir.<\/p>","protected":false},"excerpt":{"rendered":"<p>Short information: On march 2010, CIIC has joined with one of the largest lumber producers in the country and laid foundation of the company A-Agro which situated around Baku. Partner: Legal Partner Share of CIIC : 68% Current status: Active<\/p>","protected":false},"author":1,"featured_media":0,"parent":0,"menu_order":0,"comment_status":"closed","ping_status":"closed","template":"","meta":{"_acf_changed":false,"footnotes":""},"class_list":["post-323","page","type-page","status-publish","hentry"],"acf":[],"_links":{"self":[{"href":"https:\/\/ciic.az\/az\/wp-json\/wp\/v2\/pages\/323","targetHints":{"allow":["GET"]}}],"collection":[{"href":"https:\/\/ciic.az\/az\/wp-json\/wp\/v2\/pages"}],"about":[{"href":"https:\/\/ciic.az\/az\/wp-json\/wp\/v2\/types\/page"}],"author":[{"embeddable":true,"href":"https:\/\/ciic.az\/az\/wp-json\/wp\/v2\/users\/1"}],"replies":[{"embeddable":true,"href":"https:\/\/ciic.az\/az\/wp-json\/wp\/v2\/comments?post=323"}],"version-history":[{"count":2,"href":"https:\/\/ciic.az\/az\/wp-json\/wp\/v2\/pages\/323\/revisions"}],"predecessor-version":[{"id":339,"href":"https:\/\/ciic.az\/az\/wp-json\/wp\/v2\/pages\/323\/revisions\/339"}],"wp:attachment":[{"href":"https:\/\/ciic.az\/az\/wp-json\/wp\/v2\/media?parent=323"}],"curies":[{"name":"wp","href":"https:\/\/api.w.org\/{rel}","templated":true}]}}