{"id":321,"date":"2020-03-05T13:59:59","date_gmt":"2020-03-05T13:59:59","guid":{"rendered":"https:\/\/pilot.ciic.az\/?page_id=321"},"modified":"2020-03-05T13:59:59","modified_gmt":"2020-03-05T13:59:59","slug":"imara-llc","status":"publish","type":"page","link":"https:\/\/ciic.az\/az\/imara-llc\/","title":{"rendered":"Imara LLC"},"content":{"rendered":"<p>Q\u0131sa m\u0259lumat: \u0130kinci layih\u0259 \u00e7\u0259r\u00e7iv\u0259sind\u0259,<sup>.<\/sup> 2009-cu ilin aprel ay\u0131nda XB\u0130\u015e qapal\u0131 ya\u015fay\u0131\u015f kompleksi olan Villa Badamda 28 villan\u0131 g\u0259l\u0259c\u0259kd\u0259 m\u00fcst\u0259qil da\u015f\u0131nmaz \u0259mlak sat\u0131\u015f\u0131 \u00fczr\u0259 agent kimi sat\u0131\u015f \u0259m\u0259liyyatlar\u0131nda i\u015ftirak etm\u0259k m\u0259qs\u0259di il\u0259 \u0259ld\u0259 edib.<\/p>\n<p>XB\u0130\u015e-in pay\u0131: 100%<\/p>\n<p>Haz\u0131rki status: F\u0259aliyy\u0259t g\u00f6st\u0259rir.<\/p>","protected":false},"excerpt":{"rendered":"<p>Short information: Withi the 2nd project, on april 2009, CIIC has owned 28 villas in indoor living complex Villa Badam, to act as an independent real state sales agent in the future. Share of CIIC: 100% Current status: Active<\/p>","protected":false},"author":1,"featured_media":0,"parent":0,"menu_order":0,"comment_status":"closed","ping_status":"closed","template":"","meta":{"_acf_changed":false,"footnotes":""},"class_list":["post-321","page","type-page","status-publish","hentry"],"acf":[],"_links":{"self":[{"href":"https:\/\/ciic.az\/az\/wp-json\/wp\/v2\/pages\/321","targetHints":{"allow":["GET"]}}],"collection":[{"href":"https:\/\/ciic.az\/az\/wp-json\/wp\/v2\/pages"}],"about":[{"href":"https:\/\/ciic.az\/az\/wp-json\/wp\/v2\/types\/page"}],"author":[{"embeddable":true,"href":"https:\/\/ciic.az\/az\/wp-json\/wp\/v2\/users\/1"}],"replies":[{"embeddable":true,"href":"https:\/\/ciic.az\/az\/wp-json\/wp\/v2\/comments?post=321"}],"version-history":[{"count":1,"href":"https:\/\/ciic.az\/az\/wp-json\/wp\/v2\/pages\/321\/revisions"}],"predecessor-version":[{"id":322,"href":"https:\/\/ciic.az\/az\/wp-json\/wp\/v2\/pages\/321\/revisions\/322"}],"wp:attachment":[{"href":"https:\/\/ciic.az\/az\/wp-json\/wp\/v2\/media?parent=321"}],"curies":[{"name":"wp","href":"https:\/\/api.w.org\/{rel}","templated":true}]}}