{"id":32,"date":"2020-01-15T08:59:46","date_gmt":"2020-01-15T08:59:46","guid":{"rendered":"http:\/\/ciic.dev\/?page_id=32"},"modified":"2020-02-11T10:40:40","modified_gmt":"2020-02-11T10:40:40","slug":"about-sharefolders","status":"publish","type":"page","link":"https:\/\/ciic.az\/az\/about-sharefolders\/","title":{"rendered":"About us &#8211; Shareholders"},"content":{"rendered":"<p>\u0130slam \u0130nki\u015faf Bank\u0131 (IDB) 1973-c\u00fc ild\u0259 dekabr ay\u0131nda Cidd\u0259d\u0259 ba\u015f tutan M\u00fcs\u0259lman \u00f6lk\u0259l\u0259ri Maliyy\u0259 Nazirl\u0259ri konfrans\u0131 t\u0259r\u0259find\u0259n n\u0259\u015fr olunan  Niyy\u0259t B\u0259yannam\u0259sin\u0259 uy\u011fun olaraq beyn\u0259lxalq maliyy\u0259 institutu kimi yarad\u0131lm\u0131\u015fd\u0131r. Bank\u0131n hal - hazirda 56 d\u00f6vl\u0259t \u00fczv\u00fc var.<br \/>\nAz\u0259rbaycan \u0130nvestisiya \u015eirk\u0259ti (A\u0130\u015e) Az\u0259rbaycan h\u00f6k\u00fcm\u0259ti t\u0259r\u0259find\u0259n, \u00f6lk\u0259d\u0259 qeyri \u2013 neft sektoruna  kapital investisiyalar\u0131 etm\u0259k \u00fc\u00e7\u00fcn t\u0259sis edilmi\u015fdir. B\u00fcnovr\u0259si 2006-c\u0131 ild\u0259 qoyulan \u015firk\u0259tin kapital\u0131 90 million AB\u015e dollar\u0131 t\u0259\u015fkil edir v\u0259 investisiya yat\u0131r\u0131mlar\u0131 \u0259sas\u0259n q\u0131da v\u0259 tikinti materiallar\u0131 sah\u0259l\u0259rini \u0259hat\u0259 edir.<br \/>\n\u00d6z\u0259l Sektorun \u0130nki\u015faf\u0131 \u00fczr\u0259 \u0130slam Korporasiyas\u0131 (ICD) \u0130slam \u0130nki\u015faf\u0131 Bank\u0131 Qrupunun t\u0259rkibind\u0259 olan \u00e7oxt\u0259r\u0259fli t\u0259\u015fkilatd\u0131r.  \u0130slam \u0130nki\u015faf Bank\u0131n\u0131n \u0130dar\u0259 Heyati t\u0259r\u0259find\u0259n 1999-cu ilin noyabr ay\u0131nda t\u0259sis edilm\u0259sind\u0259 \u0259sas m\u0259qs\u0259d \u015e\u0259riyy\u0259 qanunlar\u0131na riayy\u0259t ed\u0259r\u0259k \u00fczv \u00f6lk\u0259l\u0259rind\u0259 iqtisadi inki\u015fafa d\u0259st\u0259k verm\u0259k \u00fc\u00e7\u00fcn \u00f6z\u0259l sektordak\u0131 layih\u0259l\u0259r\u0259 maliyy\u0259 v\u0259saitl\u0259rinin qoyulmas\u0131 idi. Kapital\u0131 568 million AB\u015e dollar\u0131 t\u0259\u015fkil edir.<br \/>\nAl Ahmar Group for Trading, Industrial &amp; General Agencies sahibkarl\u0131q f\u0259aliyy\u0259tinin m\u00fcxt\u0259lif sah\u0259l\u0259rind\u0259 \u00e7oxsayl\u0131 \u015firk\u0259tl\u0259r\u0259 malik  olan tan\u0131nm\u0131\u015f holdinq m\u00fc\u0259ssis\u0259sidir.<br \/>\nSaham Holding Company 2007-ci ild\u0259 Kuveytd\u0259 yarad\u0131lm\u0131\u015f holdinq \u015firk\u0259tidir.  \u015eirk\u0259t m\u00fcxt\u0259lif sah\u0259l\u0259rd\u0259 t\u0259msil olunan,  o c\u00fcml\u0259d\u0259n, investisiya, bank i\u015fi v\u0259 maliyy\u0259, enerji, loqistika sah\u0259l\u0259rind\u0259 bir ne\u00e7\u0259 fillial v\u0259 t\u00f6r\u0259m\u0259 \u015firk\u0259tl\u0259ri idar\u0259 edir.<\/p>","protected":false},"excerpt":{"rendered":"<p>The Islamic Development Bank (IDB) is an international financial institution established in pursuance of the Declaration of Intent issued by the Conference of Finance Ministers of Muslim Countries held in Jeddah in December 1973. The present membership of the Bank consists of 56 countries. Azerbaijan Investment Company (AIC) is a state owned investment company mandated [&hellip;]<\/p>","protected":false},"author":1,"featured_media":16,"parent":0,"menu_order":0,"comment_status":"closed","ping_status":"closed","template":"page-about-sharefolders.php","meta":{"_acf_changed":false,"footnotes":""},"class_list":["post-32","page","type-page","status-publish","has-post-thumbnail","hentry"],"acf":[],"_links":{"self":[{"href":"https:\/\/ciic.az\/az\/wp-json\/wp\/v2\/pages\/32","targetHints":{"allow":["GET"]}}],"collection":[{"href":"https:\/\/ciic.az\/az\/wp-json\/wp\/v2\/pages"}],"about":[{"href":"https:\/\/ciic.az\/az\/wp-json\/wp\/v2\/types\/page"}],"author":[{"embeddable":true,"href":"https:\/\/ciic.az\/az\/wp-json\/wp\/v2\/users\/1"}],"replies":[{"embeddable":true,"href":"https:\/\/ciic.az\/az\/wp-json\/wp\/v2\/comments?post=32"}],"version-history":[{"count":6,"href":"https:\/\/ciic.az\/az\/wp-json\/wp\/v2\/pages\/32\/revisions"}],"predecessor-version":[{"id":169,"href":"https:\/\/ciic.az\/az\/wp-json\/wp\/v2\/pages\/32\/revisions\/169"}],"wp:featuredmedia":[{"embeddable":true,"href":"https:\/\/ciic.az\/az\/wp-json\/wp\/v2\/media\/16"}],"wp:attachment":[{"href":"https:\/\/ciic.az\/az\/wp-json\/wp\/v2\/media?parent=32"}],"curies":[{"name":"wp","href":"https:\/\/api.w.org\/{rel}","templated":true}]}}