{"id":302,"date":"2020-02-24T15:35:39","date_gmt":"2020-02-24T15:35:39","guid":{"rendered":"https:\/\/pilot.ciic.az\/?page_id=302"},"modified":"2020-03-06T12:58:39","modified_gmt":"2020-03-06T12:58:39","slug":"naa-agrotara-llc","status":"publish","type":"page","link":"https:\/\/ciic.az\/az\/naa-agrotara-llc\/","title":{"rendered":"NAA Agrotara LLC"},"content":{"rendered":"<p style=\"text-align: center;\">Q\u0131sa m\u0259lumat: 2009-cu ilin aprel ay\u0131nda XB\u0130\u015e NAA Agrotara MMC-d\u0259 pay \u0259ld\u0259 etdi.<br \/>\nG\u0259nc\u0259d\u0259 yerl\u0259\u015f\u0259n v\u0259 \u015firk\u0259t\u0259 m\u0259xsus olan 25 000 tonluq h\u0259cmi olan anbarlarda<br \/>\nmeyv\u0259, t\u0259r\u0259v\u0259z v\u0259 \u0259rzaq m\u0259hsullar\u0131n\u0131n \u00f6n soyudulmas\u0131,<br \/>\n, donma-\u015foklama, q\u0131sa v\u0259 uzun m\u00fcdd\u0259tli saxlanmas\u0131 m\u00fcmk\u00fcnd\u00fcr.<\/p>\n<p style=\"text-align: center;\">Ortaq: Yerli sahibkar.<\/p>\n<p style=\"text-align: center;\">XB\u0130\u015e-in pay\u0131: 36%<\/p>\n<p style=\"text-align: center;\">Haz\u0131rki status: F\u0259aliyy\u0259t g\u00f6st\u0259rmir.<\/p>","protected":false},"excerpt":{"rendered":"<p>Short information: On april 2009, CIIC has acquired a stake in NAA Agrotara LLC. In the storages with a capacity of 25,000 tons, which have been owned and situated in Ganja its possible to keep, cooling ,freezing, keeping short and long term of fruits, vegetables and food products. Partner: Local owner Share of CIIC: 36% [&hellip;]<\/p>","protected":false},"author":1,"featured_media":0,"parent":0,"menu_order":0,"comment_status":"closed","ping_status":"closed","template":"","meta":{"_acf_changed":false,"footnotes":""},"class_list":["post-302","page","type-page","status-publish","hentry"],"acf":[],"_links":{"self":[{"href":"https:\/\/ciic.az\/az\/wp-json\/wp\/v2\/pages\/302","targetHints":{"allow":["GET"]}}],"collection":[{"href":"https:\/\/ciic.az\/az\/wp-json\/wp\/v2\/pages"}],"about":[{"href":"https:\/\/ciic.az\/az\/wp-json\/wp\/v2\/types\/page"}],"author":[{"embeddable":true,"href":"https:\/\/ciic.az\/az\/wp-json\/wp\/v2\/users\/1"}],"replies":[{"embeddable":true,"href":"https:\/\/ciic.az\/az\/wp-json\/wp\/v2\/comments?post=302"}],"version-history":[{"count":14,"href":"https:\/\/ciic.az\/az\/wp-json\/wp\/v2\/pages\/302\/revisions"}],"predecessor-version":[{"id":341,"href":"https:\/\/ciic.az\/az\/wp-json\/wp\/v2\/pages\/302\/revisions\/341"}],"wp:attachment":[{"href":"https:\/\/ciic.az\/az\/wp-json\/wp\/v2\/media?parent=302"}],"curies":[{"name":"wp","href":"https:\/\/api.w.org\/{rel}","templated":true}]}}