{"id":278,"date":"2020-02-20T12:18:07","date_gmt":"2020-02-20T12:18:07","guid":{"rendered":"https:\/\/pilot.ciic.az\/?page_id=278"},"modified":"2021-02-23T06:30:17","modified_gmt":"2021-02-23T06:30:17","slug":"2019-2","status":"publish","type":"page","link":"https:\/\/ciic.az\/az\/media-events\/2019-2\/","title":{"rendered":"2019"},"content":{"rendered":"<h2>XB\u0130\u015e Ki\u00e7ik v\u0259 Orta Biznes Evi layih\u0259si t\u0259qdimat m\u0259rasimind\u0259 i\u015ftirak edib<\/h2>\n<p>May\u0131n 1-d\u0259 JW Marriott Absheron otelind\u0259 Ki\u00e7ik v\u0259 Orta Biznes Evi layih\u0259si t\u0259qdim olunub.<\/p>\n<p>Ki\u00e7ik v\u0259 Orta Biznesin \u0130nki\u015faf\u0131 Agentliyinin (KOB\u0130A) idar\u0259 hey\u0259tinin s\u0259dri Orxan M\u0259mm\u0259dov \"KOB Evl\u0259ri\"nin yarad\u0131lmas\u0131 il\u0259 biznes\u0259 g\u00f6st\u0259ril\u0259c\u0259k xidm\u0259tl\u0259rin \u0259hat\u0259 dair\u0259sinin \u0259h\u0259miyy\u0259tli d\u0259r\u0259c\u0259d\u0259 geni\u015fl\u0259n\u0259c\u0259yini deyib.<\/p>\n<p>T\u0259dbird\u0259 XB\u0130\u015e il\u0259 yana\u015f\u0131 Az\u0259rbaycan Respublikas\u0131nda f\u0259aliyy\u0259t g\u00f6st\u0259r\u0259n v\u0259 \u00f6z\u0259l sektoru t\u0259msil ed\u0259n t\u0259\u015fkilatlar i\u015ftirak etmi\u015fdir.<\/p>\n<p><em> 01 May 2019<\/em><\/p>\n<hr \/>\n<h2>XB\u0130\u015e Bak\u0131da ke\u00e7iril\u0259n Avropa \u0130ttifaqi-Az\u0259rbaycan biznes forumunda i\u015ftirak edib<\/h2>\n<div class=\"post_body\">\n<p>\u0130yunun 13-da Bak\u0131da V Az\u0259rbaycan\u2013Avropa \u0130ttifaq\u0131 (A\u0130) biznes forumu ke\u00e7irilib. Az\u0259rbaycanda \u0130xrac\u0131n v\u0259 \u0130nvestisiyalar\u0131n T\u0259\u015fviqi Fondunun (AZPROMO) v\u0259 Almaniya-Az\u0259rbaycan Ticar\u0259t Palatas\u0131n\u0131n birg\u0259 t\u0259\u015fkilat\u00e7\u0131l\u0131\u011f\u0131 il\u0259 ke\u00e7irilmi\u015f t\u0259dbir\u0259 r\u0259smi \u015f\u0259xsl\u0259r, beyn\u0259lxalq t\u0259\u015fkilatlar\u0131n, s\u0259firlikl\u0259rin, ticar\u0259t palatalar\u0131n\u0131n n\u00fcmay\u0259nd\u0259l\u0259ri d\u0259 daxil olmaqla \u00fcmumilikd\u0259 1000-d\u0259k i\u015ftirak\u00e7\u0131 qat\u0131l\u0131b.<\/p>\n<p>T\u0259dbird\u0259 \u00e7\u0131x\u0131\u015f ed\u0259n \u0130qtisadiyyat naziri \u015eahin Mustafayev \u0259n\u0259n\u0259vi olaraq ke\u00e7iril\u0259n Az\u0259rbaycan-Avropa \u0130ttifaq\u0131 biznes forumunun \u00f6lk\u0259mizl\u0259 A\u0130 aras\u0131nda iqtisadi \u0259m\u0259kda\u015fl\u0131q perspektivl\u0259rinin, qar\u015f\u0131l\u0131ql\u0131 ticar\u0259t v\u0259 investisiya imkanlar\u0131n\u0131n m\u00fczakir\u0259 edilm\u0259si \u00fc\u00e7\u00fcn \u00f6n\u0259mli platforma rolunu oynad\u0131\u011f\u0131n\u0131 vur\u011fulay\u0131b.<\/p>\n<p>Bundan sonra t\u0259dbir dig\u0259r \u00e7\u0131x\u0131\u015flarlar davam edib. XB\u0130\u015e n\u00fcmay\u0259nd\u0259si t\u0259dbir \u00e7\u0259r\u00e7iv\u0259sind\u0259 ke\u00e7iril\u0259n panel iclaslar\u0131nda i\u015ftirak edib.<\/p>\n<\/div>\n<p><em>13 \u0130yun 2019<\/em><\/p>","protected":false},"excerpt":{"rendered":"<p>CIIC participated in presentation of Small and Medium Business House project. On May 1, the presentation on the Small and Medium Business House project was held in JW Marriott Absheron hotel. The chairman of Management board of the Agency for the Development of Small and Medium Businesses Orkhan Mammadov stated that the establishment of \u201cSMB [&hellip;]<\/p>","protected":false},"author":1,"featured_media":58,"parent":57,"menu_order":5,"comment_status":"closed","ping_status":"closed","template":"page-media-events.php","meta":{"_acf_changed":false,"footnotes":""},"class_list":["post-278","page","type-page","status-publish","has-post-thumbnail","hentry"],"acf":[],"_links":{"self":[{"href":"https:\/\/ciic.az\/az\/wp-json\/wp\/v2\/pages\/278","targetHints":{"allow":["GET"]}}],"collection":[{"href":"https:\/\/ciic.az\/az\/wp-json\/wp\/v2\/pages"}],"about":[{"href":"https:\/\/ciic.az\/az\/wp-json\/wp\/v2\/types\/page"}],"author":[{"embeddable":true,"href":"https:\/\/ciic.az\/az\/wp-json\/wp\/v2\/users\/1"}],"replies":[{"embeddable":true,"href":"https:\/\/ciic.az\/az\/wp-json\/wp\/v2\/comments?post=278"}],"version-history":[{"count":3,"href":"https:\/\/ciic.az\/az\/wp-json\/wp\/v2\/pages\/278\/revisions"}],"predecessor-version":[{"id":402,"href":"https:\/\/ciic.az\/az\/wp-json\/wp\/v2\/pages\/278\/revisions\/402"}],"up":[{"embeddable":true,"href":"https:\/\/ciic.az\/az\/wp-json\/wp\/v2\/pages\/57"}],"wp:featuredmedia":[{"embeddable":true,"href":"https:\/\/ciic.az\/az\/wp-json\/wp\/v2\/media\/58"}],"wp:attachment":[{"href":"https:\/\/ciic.az\/az\/wp-json\/wp\/v2\/media?parent=278"}],"curies":[{"name":"wp","href":"https:\/\/api.w.org\/{rel}","templated":true}]}}