{"id":276,"date":"2020-02-20T12:17:34","date_gmt":"2020-02-20T12:17:34","guid":{"rendered":"https:\/\/pilot.ciic.az\/?page_id=276"},"modified":"2020-02-21T10:05:54","modified_gmt":"2020-02-21T10:05:54","slug":"2018-2","status":"publish","type":"page","link":"https:\/\/ciic.az\/az\/media-events\/2018-2\/","title":{"rendered":"2018"},"content":{"rendered":"<h2>XB\u0130\u015e Az\u0259rbaycan \u2013 \u0130ran biznes forumuna qat\u0131l\u0131b<\/h2>\n<div class=\"post_body\">\n<p>Mart\u0131n 29-da Bak\u0131da, XB\u0130\u015e Heyd\u0259r \u018fliyev M\u0259rk\u0259zind\u0259 ke\u00e7iril\u0259n Az\u0259rbaycan-\u0130ran biznes forumuna qat\u0131l\u0131b. Az\u0259rbaycan Respublikas\u0131n\u0131n Prezidenti \u0130lham \u018fliyev v\u0259 \u0130ran \u0130slam Respublikas\u0131n\u0131n Prezidenti H\u0259s\u0259n Ruhani biznes forumda i\u015ftirak edibl\u0259r.<\/p>\n<p>Biznes forumdan \u0259vv\u0259l Neft\u00e7ala S\u0259naye M\u0259h\u0259ll\u0259si v\u0259 burada yarad\u0131lan \u201cAz\u0259rma\u015f\u201d ASC v\u0259 \u201c\u0130ran Khodro\u201d \u015firk\u0259tinin birg\u0259 layih\u0259si olan avtomobil zavodu bar\u0259d\u0259 video\u00e7arx n\u00fcmayi\u015f olunub. Bundan sonra, Prezident \u0130lham \u018fliyev v\u0259 Prezident H\u0259s\u0259n Ruhani \u201cX\u0259z\u0259r\u201d avtomobil zavodunun a\u00e7\u0131l\u0131\u015f\u0131n\u0131 bildir\u0259n simvolik d\u00fcym\u0259ni bas\u0131blar.<\/p>\n<p>D\u00f6vl\u0259t ba\u015f\u00e7\u0131lar\u0131 forumda nitq il\u0259 \u00e7\u0131x\u0131\u015f edibl\u0259r.<\/p>\n<\/div>\n<p><em>29 Mart 2018<\/em><\/p>\n<hr \/>\n<h2>XB\u0130\u015e Respublika G\u00fcn\u00fc v\u0259 Az\u0259rbaycan Xalq C\u00fcmhuriyy\u0259tinin 100 illiyin\u0259 h\u0259sr olunmu\u015f t\u0259dbird\u0259 i\u015ftirak edib<\/h2>\n<p>May\u0131n 25-d\u0259 Az\u0259rbaycan Respublikas\u0131 Maliyy\u0259 Nazirliyind\u0259 28 May \u2013 Respublika G\u00fcn\u00fc v\u0259 Az\u0259rbaycan Xalq C\u00fcmhuriyy\u0259tinin 100 illiyi m\u00fcnasib\u0259til\u0259 t\u0259dbir ke\u00e7irilib.<\/p>\n<p>Qeyd olunub ki, bu g\u00fcn Az\u0259rbaycan Respublikas\u0131nda demokratik, h\u00fcquqi, d\u00fcny\u0259vi d\u00f6vl\u0259t, v\u0259t\u0259nda\u015f c\u0259miyy\u0259ti quruculu\u011fu prosesi u\u011furla davam etdirilir, siyasi, iqtisadi v\u0259 sosial islahatlar h\u0259yata ke\u00e7irilir, Az\u0259rbaycan\u0131n d\u00f6vl\u0259t\u00e7ilik \u0259saslar\u0131 daha da m\u00f6hk\u0259ml\u0259nir, m\u00fcst\u0259qilliyimizin \u0259b\u0259diliyi, d\u00f6vl\u0259timizin h\u0259rt\u0259r\u0259fli y\u00fcks\u0259li\u015fi t\u0259min edilir.<\/p>\n<p>T\u0259dbir Az\u0259rbaycan Xalq C\u00fcmhuriyy\u0259tinin 1919-cu ilin yanvar\u0131nda Paris S\u00fclh Konfrans\u0131na ezam etdiyi n\u00fcmay\u0259nd\u0259 hey\u0259tinin ke\u015fm\u0259ke\u015fli taleyind\u0259n b\u0259hs ed\u0259n \u201c\u018fb\u0259di ezamiyy\u0259t\u201d s\u0259n\u0259dli filminin n\u00fcmayi\u015fi il\u0259 ba\u015fa \u00e7at\u0131b.<\/p>\n<p><em>29 May 2018\u00a0<\/em><\/p>\n<hr \/>\n<h2>XB\u0130\u015e Az\u0259rbaycan-Avropa \u0130ttifaq\u0131 biznes forumuna qat\u0131l\u0131b<\/h2>\n<div class=\"post_body\">\n<p>\u0130yunun 5-d\u0259 Bak\u0131da IV Az\u0259rbaycan-Avropa \u0130ttifaq\u0131 (A\u0130) biznes forumu ke\u00e7irilib. X\u0259z\u0259r Beyn\u0259lxalq \u0130nvestisiya \u015eirk\u0259ti s\u00f6z\u00fcged\u0259n t\u0259dbird\u0259 i\u015ftirak etmi\u015fdir.<\/p>\n<p>\u0130qtisadiyyat Nazirliyinin, Avropa \u0130ttifaq\u0131n\u0131n \u00f6lk\u0259mizd\u0259ki n\u00fcmay\u0259nd\u0259liyi v\u0259 Alman-Az\u0259rbaycan Xarici Ticar\u0259t Palatas\u0131n\u0131n birg\u0259 t\u0259\u015fkilat\u00e7\u0131l\u0131\u011f\u0131 il\u0259 ke\u00e7irilmi\u015f t\u0259dbird\u0259 r\u0259smi \u015f\u0259xsl\u0259r, beyn\u0259lxalq t\u0259\u015fkilatlar\u0131n, s\u0259firlikl\u0259rin, ticar\u0259t palatalar\u0131n\u0131n n\u00fcmay\u0259nd\u0259l\u0259ri, el\u0259c\u0259 d\u0259 Az\u0259rbaycandan 300-d\u0259n \u00e7ox, Avropa \u0130ttifaq\u0131na daxil olan \u00f6lk\u0259l\u0259rd\u0259n is\u0259 100-d\u0259n art\u0131q i\u015f adam\u0131 i\u015ftirak edib. \u00dcmumilikd\u0259, biznes foruma 800-\u0259 yax\u0131n i\u015ftirak\u00e7\u0131 qat\u0131l\u0131b.<\/p>\n<p>Az\u0259rbaycan-A\u0130 biznes forumu i\u015fg\u00fczar dair\u0259l\u0259r aras\u0131nda ikit\u0259r\u0259fli g\u00f6r\u00fc\u015fl\u0259rl\u0259 davam edib.<\/p>\n<\/div>\n<p><em> 05 \u0130yun 2018<\/em><\/p>\n<hr \/>\n<h2>XB\u0130\u015e Az\u0259rbaycan-\u0130sve\u00e7r\u0259 biznes forumunda i\u015ftirak edib<\/h2>\n<div class=\"post_body\">\n<p>9 iyul 2018-ci il tarixind\u0259 Az\u0259rbaycan-\u0130sve\u00e7r\u0259 biznes forumu ba\u015f tutub. G\u00f6r\u00fc\u015fd\u0259 nazir \u015eahin Mustafayev Az\u0259rbaycan-\u0130sve\u00e7r\u0259 \u0259laq\u0259l\u0259rinin inki\u015faf etdiyini, Az\u0259rbaycan Respublikas\u0131 Prezidentinin \u00f6lk\u0259l\u0259rimiz aras\u0131nda \u0259m\u0259kda\u015fl\u0131\u011f\u0131n geni\u015fl\u0259nm\u0259sin\u0259 \u00f6n\u0259m verdiyini vur\u011fulay\u0131b. \u0130qtisadiyyat naziri son ill\u0259r \u0259rzind\u0259 Az\u0259rbaycan-\u0130sve\u00e7r\u0259 iqtisadi \u0259m\u0259kda\u015fl\u0131\u011f\u0131n\u0131n u\u011furla inki\u015faf etdiyini v\u0259 iki \u00f6lk\u0259 aras\u0131nda \u0259laq\u0259l\u0259rin geni\u015fl\u0259ndirilm\u0259sind\u0259 \u00f6z\u0259l b\u00f6lm\u0259nin rolunu qeyd edib.<\/p>\n<p>T\u0259dbird\u0259 50-d\u0259n \u00e7ox isve\u00e7r\u0259 \u015firk\u0259ti i\u015ftirak edib.<\/p>\n<\/div>\n<p><em> 11 \u0130yul 2018<\/em><\/p>\n<hr \/>\n<h2>XB\u0130\u015e Az\u0259rbaycan-Pakistan biznes forumunda i\u015ftirak edib<\/h2>\n<div class=\"post_body\">\n<p>\u0130yulun 4-d\u0259 \u0130qtisadiyyat Nazirliyinin d\u0259st\u0259yi, Az\u0259rbaycanda \u0130xrac\u0131n v\u0259 \u0130nvestisiyalar\u0131n T\u0259\u015fviqi Fondunun (AZPROMO) t\u0259\u015fkilat\u00e7\u0131l\u0131\u011f\u0131 il\u0259 Az\u0259rbaycan-Pakistan biznes konfrans\u0131 ke\u00e7irilib. T\u0259dbird\u0259 r\u0259smi \u015f\u0259xsl\u0259rl\u0259 yana\u015f\u0131, h\u0259r iki t\u0259r\u0259fd\u0259n s\u0259naye, k\u0259nd t\u0259s\u0259rr\u00fcfat\u0131, \u0259cza\u00e7\u0131l\u0131q, tikinti, si\u011forta, turizm, logistika v\u0259 dig\u0259r sah\u0259l\u0259rd\u0259 f\u0259aliyy\u0259t g\u00f6st\u0259r\u0259n 250-\u0259 yax\u0131n i\u015f adam\u0131 i\u015ftirak edib.<\/p>\n<p>T\u0259dbird\u0259 Az\u0259rbaycan v\u0259 Pakistan iqtisadiyyat\u0131na, bu \u00f6lk\u0259l\u0259rin biznes v\u0259 investisiya imkanlar\u0131na dair t\u0259qdimatlar ke\u00e7ilib.<\/p>\n<p>Biznes-konfrans i\u015f adamlar\u0131 aras\u0131nda ikit\u0259r\u0259fli g\u00f6r\u00fc\u015fl\u0259rl\u0259 davam edib.<\/p>\n<\/div>\n<p><em> 05 \u0130yul 2018<\/em><\/p>\n<hr \/>\n<h2>XB\u0130\u015e Az\u0259rbaycan-Slovakiya Biznes forumunda i\u015ftirak edib<\/h2>\n<div class=\"post_body\">\n<p>\u0130qtisadiyyat Nazirliyinin d\u0259st\u0259yi, Az\u0259rbaycanda \u0130xrac\u0131n v\u0259 \u0130nvestisiyalar\u0131n T\u0259\u015fviqi Fondunun (AZPROMO) t\u0259\u015fkilat\u00e7\u0131l\u0131\u011f\u0131 il\u0259 noyabr\u0131n 13-d\u0259 Bak\u0131da Az\u0259rbaycan-Slovakiya biznes forumu ke\u00e7irilib. T\u0259dbird\u0259 Az\u0259rbaycan v\u0259 Slovakiya r\u0259smil\u0259ri il\u0259 yana\u015f\u0131, s\u0259naye, energetika, \u0130KT, ma\u015f\u0131nqay\u0131rma, kimya, qida, d\u0259mir yollar\u0131, s\u0259hiyy\u0259 v\u0259 s. sah\u0259l\u0259rd\u0259 f\u0259aliyy\u0259t g\u00f6st\u0259r\u0259n 200-\u0259 yax\u0131n \u015firk\u0259tin n\u00fcmay\u0259nd\u0259l\u0259ri i\u015ftirak edibl\u0259r. \u0130qtisadiyyat naziri \u015eahin Mustafayev biznes forumun birba\u015fa dan\u0131\u015f\u0131qlar aparmaq v\u0259 i\u015fg\u00fczar dair\u0259l\u0259r aras\u0131nda \u0259m\u0259kda\u015fl\u0131\u011f\u0131n perspektivli sah\u0259l\u0259rini m\u00fc\u0259yy\u0259nl\u0259\u015fdirm\u0259k \u00fc\u00e7\u00fcn \u0259lveri\u015fli platforma oldu\u011funu, t\u0259dbirin i\u015f adamlar\u0131na konkret layih\u0259l\u0259rl\u0259 ba\u011fl\u0131 m\u00fczakir\u0259l\u0259r aparmaq \u00fc\u00e7\u00fcn imkan ver\u0259c\u0259yini vur\u011fulay\u0131b. Qeyd olunub ki, Az\u0259rbaycan Avropa \u0130ttifaq\u0131 (A\u0130) \u00f6lk\u0259l\u0259ri, o c\u00fcml\u0259d\u0259n Slovakiya il\u0259 \u0259laq\u0259l\u0259rin inki\u015faf\u0131na b\u00f6y\u00fck \u0259h\u0259miyy\u0259t verir. Bu g\u00fcn Az\u0259rbaycan v\u0259 Avropa \u0130ttifaq\u0131 aras\u0131nda geni\u015f \u0259m\u0259kda\u015fl\u0131q m\u00f6vcuddur. \u00c7oxsayl\u0131 i\u015fg\u00fczar forumlar, t\u0259dbirl\u0259r, imzalanm\u0131\u015f s\u0259n\u0259dl\u0259r, Az\u0259rbaycan\u0131n Avropan\u0131n enerji t\u0259hl\u00fck\u0259sizliyinin t\u0259min edilm\u0259sind\u0259 rolu v\u0259 davam ed\u0259n birg\u0259 layih\u0259l\u0259r u\u011furlu iqtisadi \u0259m\u0259kda\u015fl\u0131\u011f\u0131n n\u00fcmun\u0259l\u0259ridir.<\/p>\n<p>XB\u0130\u015e r\u0259hb\u0259rliyi i\u015f adamlar\u0131 aras\u0131nda ke\u00e7iril\u0259n ikit\u0259r\u0259fli g\u00f6r\u00fc\u015fl\u0259rd\u0259 i\u015ftirak edib.<\/p>\n<\/div>\n<p><em>13 November 2018<\/em><\/p>\n<hr \/>\n<h2>XB\u0130\u015e Az\u0259rbaycan-Serbiya Biznes G\u00f6r\u00fc\u015f\u00fcnd\u0259 i\u015ftirak edib<\/h2>\n<div class=\"post_body\">\n<p>\u0130qtisadiyyat Nazirliyinin d\u0259st\u0259yi, Az\u0259rbaycanda \u0130xrac\u0131n v\u0259 \u0130nvestisiyalar\u0131n T\u0259\u015fviqi Fondunun (AZPROMO) v\u0259 Serbiyan\u0131n Ticar\u0259t, Turizm v\u0259 Telekommunikasiya Nazirliyinin t\u0259\u015fkilat\u00e7\u0131l\u0131\u011f\u0131 il\u0259 Az\u0259rbaycan-Serbiya i\u015fg\u00fczar g\u00f6r\u00fc\u015f\u00fc ke\u00e7irilib.<\/p>\n<p>T\u0259dbird\u0259 r\u0259smi \u015f\u0259xsl\u0259rl\u0259 yana\u015f\u0131, turizm, tikinti v\u0259 iqtisadiyyat\u0131n dig\u0259r sah\u0259l\u0259rind\u0259 f\u0259aliyy\u0259t g\u00f6st\u0259r\u0259n sahibkarlar, el\u0259c\u0259 d\u0259 Serbiya v\u0259 Az\u0259rbaycan\u0131n turizm t\u0259\u015fkilatlar\u0131n\u0131n n\u00fcmay\u0259nd\u0259l\u0259ri i\u015ftirak edibl\u0259r.<\/p>\n<p>XB\u0130\u015e r\u0259hb\u0259rliyi s\u00f6z\u00fcged\u0259n forumda i\u015ftirak edib.<\/p>\n<p><em>26 Dekabr 2018<\/em><\/p>\n<hr \/>\n<h2>XB\u0130\u015e Az\u0259rbaycan-T\u00fcrkiy\u0259 biznes forumunda i\u015ftirak edib<\/h2>\n<div class=\"post_body\">\n<p>Dekabr\u0131n 11-d\u0259 Bak\u0131da Az\u0259rbaycan-T\u00fcrkiy\u0259 k\u0259nd t\u0259s\u0259rr\u00fcfat\u0131 forumu ke\u00e7irilib. K\u0259nd T\u0259s\u0259rr\u00fcfat\u0131 Nazirliyinin t\u0259\u015fkilat\u00e7\u0131l\u0131\u011f\u0131 v\u0259 \u0130qtisadiyyat Nazirliyinin d\u0259st\u0259yi il\u0259 ke\u00e7iril\u0259n forumda Az\u0259rbaycan\u0131n d\u00f6vl\u0259t qurumlar\u0131n\u0131n r\u0259hb\u0259rl\u0259ri, i\u015f adamlar\u0131, T\u00fcrkiy\u0259d\u0259n g\u0259lmi\u015f 65 n\u0259f\u0259rd\u0259n ibar\u0259t n\u00fcmay\u0259nd\u0259 hey\u0259ti i\u015ftirak edib.<\/p>\n<p>XB\u0130\u015e forum \u00e7\u0259r\u00e7iv\u0259sind\u0259 ke\u00e7iril\u0259n i\u015f adamlar\u0131 aras\u0131nda ikit\u0259r\u0259fli g\u00f6r\u00fc\u015fl\u0259rd\u0259 i\u015ftirak edib.<\/p>\n<p>CIIC participates in bilateral business meetings arranged in terms of forum.<\/p>\n<p><em>12 Dekabr 2018<\/em><\/p>\n<\/div>\n<\/div>","protected":false},"excerpt":{"rendered":"<p>CIIC attended Azerbaijan \u2013 Iran business forum CIIC attended Azerbaijan \u2013 Iran business forum which was held on March 29 at the Heydar Aliyev Centre in Baku. President of the Republic of Azerbaijan Ilham Aliyev and President of the Islamic Republic of Iran Hassan Rouhani attended the forum. A short video highlighting the works carried [&hellip;]<\/p>","protected":false},"author":1,"featured_media":58,"parent":57,"menu_order":4,"comment_status":"closed","ping_status":"closed","template":"page-media-events.php","meta":{"_acf_changed":false,"footnotes":""},"class_list":["post-276","page","type-page","status-publish","has-post-thumbnail","hentry"],"acf":[],"_links":{"self":[{"href":"https:\/\/ciic.az\/az\/wp-json\/wp\/v2\/pages\/276","targetHints":{"allow":["GET"]}}],"collection":[{"href":"https:\/\/ciic.az\/az\/wp-json\/wp\/v2\/pages"}],"about":[{"href":"https:\/\/ciic.az\/az\/wp-json\/wp\/v2\/types\/page"}],"author":[{"embeddable":true,"href":"https:\/\/ciic.az\/az\/wp-json\/wp\/v2\/users\/1"}],"replies":[{"embeddable":true,"href":"https:\/\/ciic.az\/az\/wp-json\/wp\/v2\/comments?post=276"}],"version-history":[{"count":3,"href":"https:\/\/ciic.az\/az\/wp-json\/wp\/v2\/pages\/276\/revisions"}],"predecessor-version":[{"id":293,"href":"https:\/\/ciic.az\/az\/wp-json\/wp\/v2\/pages\/276\/revisions\/293"}],"up":[{"embeddable":true,"href":"https:\/\/ciic.az\/az\/wp-json\/wp\/v2\/pages\/57"}],"wp:featuredmedia":[{"embeddable":true,"href":"https:\/\/ciic.az\/az\/wp-json\/wp\/v2\/media\/58"}],"wp:attachment":[{"href":"https:\/\/ciic.az\/az\/wp-json\/wp\/v2\/media?parent=276"}],"curies":[{"name":"wp","href":"https:\/\/api.w.org\/{rel}","templated":true}]}}