{"id":274,"date":"2020-02-20T12:16:37","date_gmt":"2020-02-20T12:16:37","guid":{"rendered":"https:\/\/pilot.ciic.az\/?page_id=274"},"modified":"2021-02-23T07:44:13","modified_gmt":"2021-02-23T07:44:13","slug":"2017-2","status":"publish","type":"page","link":"https:\/\/ciic.az\/az\/media-events\/2017-2\/","title":{"rendered":"2017"},"content":{"rendered":"<h2>XB\u0130\u015e \u0130slam \u0130nki\u015faf Bank\u0131 r\u0259hb\u0259ri il\u0259 ke\u00e7iril\u0259n g\u00f6r\u00fc\u015fd\u0259 i\u015ftirak edib<\/h2>\n<div class=\"post_body\">\n<p>Yanvar\u0131n 18-d\u0259 \u0130qtisadiyyat naziri \u015eahin Mustafayev \u00f6lk\u0259mizd\u0259 s\u0259f\u0259rd\u0259 olan \u0130slam \u0130nki\u015faf Bank\u0131n\u0131n (\u0130\u0130B) vitse-prezidenti Sayed A\u011fan\u0131n r\u0259hb\u0259rlik etdiyi Siyasi Dialoq Missiyas\u0131 il\u0259 g\u00f6r\u00fc\u015f\u00fcb. G\u00f6r\u00fc\u015fd\u0259 X\u0259z\u0259r Beyn\u0259lxalq \u0130nvestisiya \u015eirk\u0259tinin Ba\u015f Meneceri Elvin A\u015f\u0131rov da i\u015ftirak etmi\u015fdir.<\/p>\n<p>Qeyd ed\u0259k ki, g\u00f6r\u00fc\u015fd\u0259 \"Az\u0259rbaycan Respublikas\u0131 H\u00f6kum\u0259ti il\u0259 \u0130slam \u0130nki\u015faf Bank\u0131 aras\u0131nda Az\u0259rbaycan Respublikas\u0131nda \u0130slam maliyy\u0259l\u0259\u015fdirilm\u0259si \u00fczr\u0259 h\u00fcquqi bazan\u0131n i\u015fl\u0259nib haz\u0131rlanmas\u0131na dair texniki d\u0259st\u0259k haqq\u0131nda qrant Sazi\u015f\"i imzalan\u0131b. S\u0259n\u0259d\u0259 \u0259sas\u0259n, Az\u0259rbaycanda bank sah\u0259sind\u0259 m\u00f6vcud qanunvericiliyin t\u0259hlili, \u00f6lk\u0259mizd\u0259 islam bank\u00e7\u0131l\u0131\u011f\u0131n\u0131n t\u0259tbiqi imkanlar\u0131n\u0131n ara\u015fd\u0131r\u0131lmas\u0131 v\u0259 m\u00fcvafiq t\u0259klifl\u0259rin haz\u0131rlanmas\u0131 n\u0259z\u0259rd\u0259 tutulur.<\/p>\n<\/div>\n<p><em>18 Yanvar 2017<\/em><\/p>\n<hr \/>\n<p>&nbsp;<\/p>\n<h2>\u201cX\u0259z\u0259r Beyn\u0259lxalq \u0130nvestisiya \u015eirk\u0259ti\u201d \u015e\u0259ffaf Vergi Partnyoru elan edilmi\u015fdir<\/h2>\n<div class=\"post_body\">\n<p>20 Fevral 2017-ci il tarixind\u0259n etibar\u0259n \u201cX\u0259z\u0259r Beyn\u0259lxalq \u0130nvestisiya \u015eirk\u0259ti\u201d QSC Az\u0259rbaycan Respublikas\u0131 Vergil\u0259r Nazirliyi t\u0259r\u0259find\u0259n \u015e\u0259ffaf Vergi Partnyorlu\u011fu statusu alm\u0131\u015fd\u0131r.<\/p>\n<p>Qeyd ed\u0259k ki, partnyor vergi \u00f6d\u0259yicisi statusunu \u0259ld\u0259 etm\u0259k \u00fc\u00e7\u00fcn vergi orqanlar\u0131na 585 vergi \u00f6d\u0259yicisind\u0259n m\u00fcraci\u0259t daxil olub. Bunlardan 443 vergi \u00f6d\u0259yicisinin (194-\u00fc Bak\u0131 \u015f\u0259h\u0259rind\u0259olmaqla) m\u00fcraci\u0259ti m\u00fcsb\u0259t cavabland\u0131r\u0131l\u0131b.<\/p>\n<\/div>\n<p><em>27 Fevral 2017<\/em><\/p>\n<hr \/>\n<h2>Alma \u00fc\u00e7\u00fcn yeni \u015firk\u0259t yarad\u0131l\u0131b - 650 min manat s\u0259rmay\u0259<\/h2>\n<p>X\u0259z\u0259r Beyn\u0259lxalq \u0130nvestisiya \u015eirk\u0259ti (CIIC) Qusar b\u00f6lg\u0259sind\u0259 alma ba\u011flar\u0131 sal\u0131nmas\u0131 layih\u0259sinin birinci m\u0259rh\u0259l\u0259sinin icras\u0131 \u00fc\u00e7\u00fcn 650 min manat v\u0259sait ay\u0131rm\u0131\u015fd\u0131r. Bu bar\u0259d\u0259 \u015firk\u0259t m\u0259lumat verib.<\/p>\n<p>\u201c2016-c\u0131 ilin dekabr ay\u0131nda CIIC Qusarda alma ba\u011flar\u0131 salmaq \u00fc\u00e7\u00fcn bir s\u0131ra sahibkarlarla anla\u015fma memorandumu imzalad\u0131. Orchards MMC bu m\u0259qs\u0259dl\u0259 qurulmu\u015fdur. CIIC layih\u0259d\u0259% 65 paya sahibdir \u201d dey\u0259 bildirildi.<\/p>\n<p>Layih\u0259nin birinci m\u0259rh\u0259l\u0259si \u00e7\u0259r\u00e7iv\u0259sind\u0259 CIIC art\u0131q 650 min manat s\u0259rmay\u0259 qoyub.<\/p>\n<p>\"Bu ilin yanvar ay\u0131nda Frans\u0131z Dalival \u015firk\u0259ti il\u0259 alma fidan\u0131n\u0131n al\u0131nmas\u0131 \u00fc\u00e7\u00fcn m\u00fcqavil\u0259 imzalan\u0131b\" deyildi.<\/p>\n<p>18 hektarda alma ba\u011flar\u0131 sal\u0131nacaq.<\/p>\n<p><a href=\"http:\/\/marja.az\/news\/2439?title=alma-ucun-yeni-sirket-yaradilib-650-min-manat-sermaye\">http:\/\/marja.az\/news\/2439?title=alma-ucun-yeni-sirket-yaradilib-650-min-manat-sermaye<\/a><\/p>\n<p><em>2 Fevral 2017<\/em><\/p>\n<hr \/>\n<p>&nbsp;<\/p>\n<h2>XB\u0130\u015e Az\u0259rbaycan \u2013 A\u0130 biznes forumunda i\u015ftirak edib<\/h2>\n<p>\u0130yun ay\u0131n\u0131n 8, A\u0130-n\u0131n Az\u0259rbaycandak\u0131 N\u00fcmay\u0259nd\u0259liyi t\u0259r\u0259find\u0259n Az\u0259rbaycan\u0131n \u0130xrac v\u0259 \u0130nvestisiyan\u0131n T\u0259\u015fviqi Fondu (AZPROMO) v\u0259 Almaniya-Az\u0259rbaycan Ticar\u0259t Palatas\u0131 il\u0259 \u0259m\u0259kda\u015fl\u0131qda t\u0259\u015fkil olunan A\u0130-Az\u0259rbaycan Biznes Forumu t\u0259\u015fkil olunub. T\u0259dbirin \u0259sas m\u0259qs\u0259di A\u0130 v\u0259 Az\u0259rbaycan \u015firk\u0259tl\u0259ri aras\u0131nda \u015f\u0259b\u0259k\u0259l\u0259\u015fm\u0259ni v\u0259 \u0259laq\u0259l\u0259ri art\u0131rmaq, h\u00f6kum\u0259t n\u00fcmay\u0259nd\u0259l\u0259ri il\u0259 biznes m\u00fchitini, onunla ba\u011fl\u0131 \u00e7a\u011f\u0131r\u0131\u015f v\u0259 imkanlar\u0131 m\u00fczakir\u0259 etm\u0259kdir. XB\u0130\u015e n\u00fcmay\u0259nd\u0259si ikit\u0259r\u0259fli biznes g\u00f6r\u00fc\u015fl\u0259rd\u0259 i\u015ftirak edib.<\/p>\n<p><em>13 \u0130yun 2017<\/em><\/p>\n<hr \/>\n<p>&nbsp;<\/p>\n<h2>Riqada Latviya-Az\u0259rbaycan biznes forumu ke\u00e7irilib<\/h2>\n<p>\u0130yulun 17-d\u0259 Riqada Latviya-Az\u0259rbaycan biznes forumu ke\u00e7irilib.<\/p>\n<p>Az\u0259rbaycan Respublikas\u0131n\u0131n Prezidenti \u0130lham \u018fliyev v\u0259 Latviya Respublikas\u0131n\u0131n Prezidenti Raymonds Veyonis biznes forumun a\u00e7\u0131l\u0131\u015f m\u0259rasimind\u0259 i\u015ftirak edibl\u0259r.\n\nAz\u0259rbaycan\u0131n \u0130qtisadiyyat Nazirliyinin, Az\u0259rbaycanda \u0130xrac\u0131n v\u0259 \u0130nvestisiyalar\u0131n T\u0259\u015fviqi Fondunun (AZPROMO) v\u0259 Latviyan\u0131n \u0130nvestisiya v\u0259 \u0130nki\u015faf Agentliyinin t\u0259\u015fkil etdiyi biznes forumda h\u0259r iki t\u0259r\u0259fd\u0259n 120-d\u0259n \u00e7ox \u015firk\u0259ti t\u0259msil ed\u0259n 200-d\u0259k sahibkar i\u015ftirak edib.<\/p>\n<p>Latviya-Az\u0259rbaycan biznes forumunda \u00f6lk\u0259l\u0259rimiz aras\u0131nda iqtisadiyyat\u0131n m\u00fcxt\u0259lif sah\u0259l\u0259ri \u00fczr\u0259 \u0259m\u0259kda\u015fl\u0131q \u0259laq\u0259l\u0259rinin inki\u015faf etdirilm\u0259sin\u0259 dair t\u0259klifl\u0259r ir\u0259li s\u00fcr\u00fcl\u00fcb.<\/p>\n<p>XB\u0130\u015e n\u00fcmay\u0259nd\u0259si ikit\u0259r\u0259fli biznes g\u00f6r\u00fc\u015fl\u0259rd\u0259 i\u015ftirak edib.<\/p>\n<p><em> 21 \u0130yul 2017<\/em><\/p>\n<hr \/>\n<p>&nbsp;<\/p>\n<h2>Az\u0259rbaycan-B\u018f\u018f biznes forumu ke\u00e7irilib<\/h2>\n<div class=\"post_body\">\n<p>Oktyabr\u0131n 20-d\u0259 Az\u0259rbaycanda \u0130xrac\u0131n v\u0259 \u0130nvestisiyalar\u0131n T\u0259\u015fviqi Fondunun (AZPROMO) t\u0259\u015fkilat\u00e7\u0131l\u0131\u011f\u0131 il\u0259 Az\u0259rbaycan-Birl\u0259\u015fmi\u015f \u018fr\u0259b \u018fmirlikl\u0259ri biznes forumu ke\u00e7irilib. Forumda s\u0259naye, kimya, qida, tikinti, \u0259cza\u00e7\u0131l\u0131q v\u0259 s. sah\u0259l\u0259rd\u0259 f\u0259aliyy\u0259t g\u00f6st\u0259r\u0259n 150-d\u0259n \u00e7ox i\u015f adam\u0131 i\u015ftirak edib.<\/p>\n<p>T\u0259dbird\u0259 Az\u0259rbaycanda yarad\u0131lm\u0131\u015f investisiya imkanlar\u0131 qeyd olunaraq, onlardan yararlanma\u011fa v\u0259 az\u0259rbaycanl\u0131 i\u015f adamlar\u0131 il\u0259 f\u0259al \u0259m\u0259kda\u015fl\u0131\u011f qurma\u011fa d\u0259v\u0259t olunmu\u015fdur. Forumun h\u0259r iki t\u0259r\u0259fd\u0259n olan i\u015f adamlar\u0131 aras\u0131nda birba\u015fa \u0259laq\u0259l\u0259rin qurulmas\u0131, \u0259m\u0259kda\u015fl\u0131\u011f\u0131n geni\u015fl\u0259ndirilm\u0259si bax\u0131m\u0131ndan \u0259h\u0259miyy\u0259tli olacaqd\u0131r.<\/p>\n<p>XB\u0130\u015e n\u00fcmay\u0259nd\u0259si forum \u0259rzind\u0259 i\u015f adamlar\u0131 aras\u0131nda t\u0259\u015fkil olunmu\u015f ikit\u0259r\u0259fli g\u00f6r\u00fc\u015fl\u0259rd\u0259 i\u015ftirak edib.<\/p>\n<p><em> 30 Oktyabr 2017<\/em><\/p>\n<hr \/>\n<h2>XB\u0130\u015e Az\u0259rbaycan-Avstraliya biznes forumunda i\u015ftirak edib<\/h2>\n<div class=\"post_body\">\n<p>18 oktyabr tarixind\u0259 XB\u0130\u015e Bak\u0131da ke\u00e7iril\u0259n Az\u0259rbaycan-Avstraliya biznes forumunda i\u015ftirak edib. T\u0259dbird\u0259 qeyd olunub ki hal-haz\u0131rda iki \u00f6lk\u0259 aras\u0131nda ticar\u0259t d\u00f6vriyy\u0259sinin z\u0259yif oldu\u011funu n\u0259z\u0259r\u0259 alsaq, bu kimi t\u0259dbirl\u0259rin bu m\u0259sl\u0259y\u0259 m\u00fcsb\u0259t t\u0259sir g\u00f6st\u0259r\u0259c\u0259yi g\u00f6zl\u0259nilir. Bundan \u0259lav\u0259 x\u0259b\u0259r verilmi\u015fdir ki, hal haz\u0131rda Az\u0259rbaycanda qeydiyyatdan ke\u00e7mi\u015f Avstraliya \u015firk\u0259tl\u0259ri neft-qaz sektorunda f\u0259aliyy\u0259t g\u00f6st\u0259rir.<\/p>\n<p>XB\u0130\u015e n\u00fcmay\u0259nd\u0259si forum \u0259rzind\u0259 i\u015f adamlar\u0131 aras\u0131nda t\u0259\u015fkil olunmu\u015f ikit\u0259r\u0259fli g\u00f6r\u00fc\u015fl\u0259rd\u0259 i\u015ftirak edib.<\/p>\n<p><em>23 Oktyabr 2017<\/em><\/p>\n<hr \/>\n<h2>Az\u0259rbaycan-AB\u015e Biznes forumu ke\u00e7irilib<\/h2>\n<div class=\"post_body\">\n<p>16 oktyabr tarixind\u0259 Bak\u0131 Biznes M\u0259rk\u0259zind\u0259 \u0130qtisadiyyat Nazirliyi v\u0259 Az\u0259rbaycanda \u0130xrac\u0131n v\u0259 \u0130nvestisiyalar\u0131n T\u0259\u015fviqi Fondunun (AZPROMO) t\u0259\u015fkilat\u00e7\u0131l\u0131\u011f\u0131 il\u0259 Az\u0259rbaycan-AB\u015e biznes forumu t\u0259\u015fkil olunub.<\/p>\n<p>S\u00f6z\u00fcged\u0259n t\u0259dbird\u0259 r\u0259smi \u015f\u0259xsl\u0259rl\u0259 yana\u015f\u0131, h\u0259r iki t\u0259r\u0259fd\u0259n k\u0259nd t\u0259s\u0259rr\u00fcfat\u0131 v\u0259 qida s\u0259nayesi, s\u0259naye, maliyy\u0259, \u0130KT, s\u0259hiyy\u0259, tikinti, logistika v\u0259 xidm\u0259t sah\u0259sind\u0259 f\u0259aliyy\u0259t g\u00f6st\u0259r\u0259n 150-\u0259 yax\u0131n i\u015f adam\u0131 i\u015ftirak edib. Forumun \u0259sas m\u0259qs\u0259di h\u0259r iki \u00f6lk\u0259d\u0259n olan i\u015f adamlar\u0131 aras\u0131nda yeni \u0259laq\u0259l\u0259rin qurulmas\u0131d\u0131r.<\/p>\n<p>XB\u0130\u015e n\u00fcmay\u0259nd\u0259si i\u015f adamlar\u0131 aras\u0131nda ikit\u0259r\u0259fli g\u00f6r\u00fc\u015fl\u0259rd\u0259 i\u015ftirak etmi\u015fdir, \u0259laq\u0259l\u0259rin geni\u015fl\u0259ndirilm\u0259si v\u0259 yeni biznes \u0259m\u0259kda\u015fl\u0131\u011f\u0131n\u0131n qurulmas\u0131 m\u0259s\u0259l\u0259l\u0259ri m\u00fczakir\u0259 olunmu\u015fdur.<\/p>\n<p><em> 23 Oktyabr 2017<\/em><\/p>\n<\/div>\n<\/div>\n<\/div>","protected":false},"excerpt":{"rendered":"<p>CIIC attended meeting with IDB management On January 18, Minister of Economy of Azerbaijan Mr Shakhin Mustafayev met with Mission of Political Dialogue headed by the vice-president of Islamic Development Bank (IDB) Mr Sayed Agha. Meeting was also attended by the General Manager of CIIC Mr Elvin Ashirov. Note that, in frames of meeting the [&hellip;]<\/p>","protected":false},"author":1,"featured_media":58,"parent":57,"menu_order":3,"comment_status":"closed","ping_status":"closed","template":"page-media-events.php","meta":{"_acf_changed":false,"footnotes":""},"class_list":["post-274","page","type-page","status-publish","has-post-thumbnail","hentry"],"acf":[],"_links":{"self":[{"href":"https:\/\/ciic.az\/az\/wp-json\/wp\/v2\/pages\/274","targetHints":{"allow":["GET"]}}],"collection":[{"href":"https:\/\/ciic.az\/az\/wp-json\/wp\/v2\/pages"}],"about":[{"href":"https:\/\/ciic.az\/az\/wp-json\/wp\/v2\/types\/page"}],"author":[{"embeddable":true,"href":"https:\/\/ciic.az\/az\/wp-json\/wp\/v2\/users\/1"}],"replies":[{"embeddable":true,"href":"https:\/\/ciic.az\/az\/wp-json\/wp\/v2\/comments?post=274"}],"version-history":[{"count":5,"href":"https:\/\/ciic.az\/az\/wp-json\/wp\/v2\/pages\/274\/revisions"}],"predecessor-version":[{"id":405,"href":"https:\/\/ciic.az\/az\/wp-json\/wp\/v2\/pages\/274\/revisions\/405"}],"up":[{"embeddable":true,"href":"https:\/\/ciic.az\/az\/wp-json\/wp\/v2\/pages\/57"}],"wp:featuredmedia":[{"embeddable":true,"href":"https:\/\/ciic.az\/az\/wp-json\/wp\/v2\/media\/58"}],"wp:attachment":[{"href":"https:\/\/ciic.az\/az\/wp-json\/wp\/v2\/media?parent=274"}],"curies":[{"name":"wp","href":"https:\/\/api.w.org\/{rel}","templated":true}]}}