{"id":247,"date":"2020-02-20T11:15:15","date_gmt":"2020-02-20T11:15:15","guid":{"rendered":"https:\/\/pilot.ciic.az\/?page_id=247"},"modified":"2020-02-20T11:15:15","modified_gmt":"2020-02-20T11:15:15","slug":"august-2009","status":"publish","type":"page","link":"https:\/\/ciic.az\/az\/about-corporate-overview\/august-2009\/","title":{"rendered":"Avqust 2009"},"content":{"rendered":"<p>XB\u0130\u015e ilk investisiyan\u0131 h\u0259yata ke\u00e7irmi\u015fdir<\/p>","protected":false},"excerpt":{"rendered":"<p>XB\u0130\u015e ilk investisiyan\u0131 h\u0259yata ke\u00e7irmi\u015fdir<\/p>","protected":false},"author":1,"featured_media":16,"parent":13,"menu_order":0,"comment_status":"closed","ping_status":"closed","template":"page-about-corporate-overview.php","meta":{"_acf_changed":false,"footnotes":""},"class_list":["post-247","page","type-page","status-publish","has-post-thumbnail","hentry"],"acf":[],"_links":{"self":[{"href":"https:\/\/ciic.az\/az\/wp-json\/wp\/v2\/pages\/247","targetHints":{"allow":["GET"]}}],"collection":[{"href":"https:\/\/ciic.az\/az\/wp-json\/wp\/v2\/pages"}],"about":[{"href":"https:\/\/ciic.az\/az\/wp-json\/wp\/v2\/types\/page"}],"author":[{"embeddable":true,"href":"https:\/\/ciic.az\/az\/wp-json\/wp\/v2\/users\/1"}],"replies":[{"embeddable":true,"href":"https:\/\/ciic.az\/az\/wp-json\/wp\/v2\/comments?post=247"}],"version-history":[{"count":1,"href":"https:\/\/ciic.az\/az\/wp-json\/wp\/v2\/pages\/247\/revisions"}],"predecessor-version":[{"id":248,"href":"https:\/\/ciic.az\/az\/wp-json\/wp\/v2\/pages\/247\/revisions\/248"}],"up":[{"embeddable":true,"href":"https:\/\/ciic.az\/az\/wp-json\/wp\/v2\/pages\/13"}],"wp:featuredmedia":[{"embeddable":true,"href":"https:\/\/ciic.az\/az\/wp-json\/wp\/v2\/media\/16"}],"wp:attachment":[{"href":"https:\/\/ciic.az\/az\/wp-json\/wp\/v2\/media?parent=247"}],"curies":[{"name":"wp","href":"https:\/\/api.w.org\/{rel}","templated":true}]}}