{"id":212,"date":"2020-02-14T07:58:54","date_gmt":"2020-02-14T07:58:54","guid":{"rendered":"https:\/\/pilot.ciic.az\/?page_id=212"},"modified":"2025-12-16T12:23:40","modified_gmt":"2025-12-16T08:23:40","slug":"2016-2","status":"publish","type":"page","link":"https:\/\/ciic.az\/az\/media-events\/2016-2\/","title":{"rendered":"2016"},"content":{"rendered":"<h2>XB\u0130\u015e Az\u0259rbaycan-Macar\u0131stan Biznes Forumunda i\u015ftirak edir<\/h2>\n<p>Mart\u0131n 6-da Macar\u0131stan\u0131n Ba\u015f naziri Viktor Orban\u0131n ba\u015f\u00e7\u0131l\u0131q etdiyi Macar\u0131stan n\u00fcmay\u0259nd\u0259 hey\u0259tinin s\u0259f\u0259ri zaman\u0131 Az\u0259rbaycan-Macar\u0131stan Biznes Forumu ke\u00e7irildi. T\u0259dbir Az\u0259rbaycanda \u0130xrac\u0131n v\u0259 \u0130nvestisiyalar\u0131n T\u0259\u015fviqi Fondu (AZPROMO) t\u0259r\u0259find\u0259n t\u0259\u015fkil edilmi\u015f v\u0259 \u0130qtisadiyyat v\u0259 S\u0259naye Nazirliyinin d\u0259st\u0259yi il\u0259 h\u0259yata ke\u00e7irilmi\u015fdir.<\/p>\n<p>Bak\u0131 Biznes M\u0259rk\u0259zind\u0259 ba\u015f tutan t\u0259dbird\u0259 h\u0259r iki \u00f6lk\u0259nin r\u0259smi \u015f\u0259xsl\u0259ri, el\u0259c\u0259 d\u0259 s\u0259naye, k\u0259nd t\u0259s\u0259rr\u00fcfat\u0131, \u0130KT, tikinti, enerji, turizm, t\u0259hsil, aviasiya, m\u0259sl\u0259h\u0259t\u00e7ilik v\u0259 dig\u0259r sah\u0259l\u0259ri t\u0259msil ed\u0259n 200-d\u0259n \u00e7ox sahibkar i\u015ftirak etmi\u015fdir. forumda Az\u0259rbaycan\u0131n iqtisadiyyat naziri, \u0130qtisadi \u018fm\u0259kda\u015fl\u0131q \u00fczr\u0259 Birg\u0259 H\u00f6kum\u0259tl\u0259raras\u0131 Komissiyan\u0131n h\u0259ms\u0259dri \u015eahin Mustafayev Az\u0259rbaycan il\u0259 Macar\u0131stan aras\u0131ndak\u0131 iqtisadi v\u0259 siyasi \u0259laq\u0259l\u0259rin, d\u00f6vl\u0259t ba\u015f\u00e7\u0131lar\u0131n\u0131n qar\u015f\u0131l\u0131ql\u0131 s\u0259f\u0259rl\u0259rinin, g\u00f6r\u00fc\u015fl\u0259rin v\u0259 imzalanan s\u0259n\u0259dl\u0259rin iki \u00f6lk\u0259 aras\u0131nda \u0259m\u0259kda\u015fl\u0131\u011f\u0131n inki\u015faf\u0131na s\u0259b\u0259b oldu\u011funu vur\u011fulad\u0131.<\/p>\n<p>06 Mart 2016<\/p>\n<hr \/>\n<p>&nbsp;<\/p>\n<h2>XB\u0130\u015e Az\u0259rbaycan-\u0130spaniya \u0130\u015f Forumunda i\u015ftirak edir<\/h2>\n<div class=\"post_body\">\n<p>Aprelin 26-da \u0130spaniya Krall\u0131\u011f\u0131n\u0131n Xarici \u0130\u015fl\u0259r Naziri Xose Manuel Qarsiya-Marqallonun ba\u015f\u00e7\u0131l\u0131q etdiyi \u0130spaniya n\u00fcmay\u0259nd\u0259 hey\u0259tinin s\u0259f\u0259ri zaman\u0131 Az\u0259rbaycan-\u0130spaniya Biznes Forumu ke\u00e7irildi. T\u0259dbir Az\u0259rbaycanda \u0130xrac\u0131n v\u0259 \u0130nvestisiyalar\u0131n T\u0259\u015fviqi Fondu (AZPROMO) t\u0259r\u0259find\u0259n t\u0259\u015fkil edilmi\u015f v\u0259 \u0130qtisadiyyat v\u0259 S\u0259naye Nazirliyinin d\u0259st\u0259yi il\u0259 h\u0259yata ke\u00e7irilmi\u015fdir. Bak\u0131 Biznes M\u0259rk\u0259zind\u0259 ba\u015f tutan t\u0259dbird\u0259 h\u0259r iki \u00f6lk\u0259nin r\u0259smil\u0259ri, el\u0259c\u0259 d\u0259 s\u0259naye, metallurgiya, n\u0259qliyyat, maliyy\u0259, enerji, tikinti, k\u0259nd t\u0259s\u0259rr\u00fcfat\u0131 m\u0259hsullar\u0131n\u0131n emal\u0131, m\u0259sl\u0259h\u0259t v\u0259 s. kimi m\u00fcxt\u0259lif biznes sah\u0259l\u0259rini t\u0259msil ed\u0259n 130-a yax\u0131n sahibkar i\u015ftirak etmi\u015fdir.<\/p>\n<p>&nbsp;<\/p>\n<p>T\u0259dbird\u0259 XB\u0130\u015e n\u00fcmay\u0259nd\u0259l\u0259ri t\u0259kb\u0259t\u0259k g\u00f6r\u00fc\u015fl\u0259rd\u0259 i\u015ftirak etdil\u0259r.<\/p>\n<\/div>\n<p><em> 26 Aprel 2016<\/em><\/p>\n<hr \/>\n<p>&nbsp;<\/p>\n<h2>XB\u0130\u015e \"Sahibkarlar G\u00fcn\u00fc\" il\u0259 \u0259laq\u0259dar konfransda i\u015ftirak etdi<\/h2>\n<div class=\"post_body\">\n<p>21 aprel 2016-c\u0131 il tarixli v\u0259 Az\u0259rbaycan Respublikas\u0131 Prezidentinin imzalad\u0131\u011f\u0131  s\u0259r\u0259ncama \u0259sas\u0259n<sup>-<\/sup>\u00a025 aprel \u00f6lk\u0259mizd\u0259 Sahibkarlar G\u00fcn\u00fc elan edilmi\u015fdir. Buna g\u00f6r\u0259, \u0130qtisadiyyat Nazirliyi v\u0259 Az\u0259rbaycan Respublikas\u0131 Sahibkarlar (\u0130\u015f\u0259g\u00f6t\u00fcr\u0259nl\u0259r) T\u0259\u015fkilatlar\u0131 Milli Konfederasiyas\u0131n\u0131n (ASK) d\u0259st\u0259yi il\u0259 Az\u0259rbaycanda \u0130xrac\u0131n v\u0259 \u0130nvestisiyalar\u0131n T\u0259\u015fviqi Fondu (AZPROMO) t\u0259r\u0259find\u0259n t\u0259\u015fkil olunmu\u015f Sahibkarlar G\u00fcn\u00fcn\u0259 h\u0259sr olunmu\u015f konfrans ke\u00e7irildi. T\u0259dbird\u0259 d\u00f6vl\u0259t qurumlar\u0131n\u0131n, beyn\u0259lxalq t\u0259\u015fkilatlar\u0131n, xarici ticar\u0259t palatalar\u0131n\u0131n n\u00fcmay\u0259nd\u0259l\u0259ri v\u0259 iqtisadiyyat\u0131n m\u00fcxt\u0259lif sah\u0259l\u0259rind\u0259 \u00e7al\u0131\u015fan 300-d\u0259n \u00e7ox i\u015f adam\u0131 i\u015ftirak etmi\u015fdir. <strong>XB\u0130\u015e-i Ba\u015f Menecer Elvin A\u015f\u0131rov t\u0259msil etmi\u015fdir.<\/strong><\/p>\n<\/div>\n<p><em>25 Aprel 2016<\/em><\/p>\n<hr \/>\n<p>&nbsp;<\/p>\n<h2>IBRD, \u0130slam \u0130nki\u015faf Bank\u0131 Qrupunun \u00fczv\u00fc olan \u00d6z\u0259l Sektorun \u0130nki\u015faf\u0131 \u00fczr\u0259 \u0130slam Korporasiyas\u0131n\u0131n \u0130cra\u00e7\u0131 direktoru Xalid M\u0259h\u0259mm\u0259d \u018fl Abudi il\u0259 g\u00f6r\u00fc\u015fd\u0259 i\u015ftirak etdi<\/h2>\n<div class=\"post_body\">\n<p>May\u0131n 31-d\u0259 \u0130qtisadiyyat naziri \u015eahin Mustafayev \u0130slam \u0130nki\u015faf Bank\u0131 Qrupuna daxil olan \u00d6z\u0259l Sektorun \u0130nki\u015faf\u0131 \u00fczr\u0259 \u0130slam Korporasiyas\u0131n\u0131n ba\u015f icra\u00e7\u0131 direktoru Xalid M\u0259h\u0259mm\u0259d \u0259l-Abudi il\u0259 g\u00f6r\u00fc\u015fd\u00fc. \u0130clasda, eyni zamanda Korporasiyan\u0131n Az\u0259rbaycan \u0130nvestisiya \u015eirk\u0259tinin t\u0259sis\u00e7isi olan X\u0259z\u0259r Beyn\u0259lxalq \u0130nvestisiya \u015eirk\u0259tinin f\u0259aliyy\u0259ti m\u00fczakir\u0259 edildi v\u0259 yeni layih\u0259l\u0259rin planla\u015fd\u0131r\u0131ld\u0131\u011f\u0131 vur\u011fuland\u0131. Bununla yana\u015f\u0131, korporasiya il\u0259 Az\u0259rbaycan aras\u0131nda \u0259laq\u0259l\u0259rin inki\u015faf\u0131 \u00fc\u00e7\u00fcn geni\u015f imkanlar\u0131n oldu\u011fu qeyd edildi. \u00d6z\u0259l Sektorun \u0130nki\u015faf\u0131 \u00fczr\u0259 \u0130slam Korporasiyas\u0131n\u0131n Ba\u015f \u0130cra\u00e7\u0131 direktoru Xalid M\u0259h\u0259mm\u0259d \u0259l-Abudi, Az\u0259rbaycana s\u0259f\u0259rind\u0259n v\u0259 t\u0259\u015fkilat\u0131n Az\u0259rbaycanla \u0259m\u0259kda\u015fl\u0131\u011f\u0131ndan m\u0259mnun oldu\u011funu bildirdi.<\/p>\n<p>G\u00f6r\u00fc\u015fd\u0259 qar\u015f\u0131l\u0131ql\u0131 maraq do\u011furan dig\u0259r m\u0259s\u0259l\u0259l\u0259r d\u0259 m\u00fczakir\u0259 edildi.<\/p>\n<\/div>\n<p><em> 31 May 2016<\/em><\/p>\n<hr \/>\n<p>&nbsp;<\/p>\n<h2>\"X\u018fZ\u018fR\u0130 BEYN\u018fLXALQ \u0130NVEST\u0130S\u0130YA \u015e\u0130RK\u018fT\u0130\" M\u00fcasir Ya\u015f\u0131lla\u015fd\u0131rma Layih\u0259sin\u0259 investisiya qoydu<\/h2>\n<p>\u00d6lk\u0259d\u0259 ixrac y\u00f6n\u00fcml\u00fc m\u0259hsullar\u0131n istehsal\u0131n\u0131 d\u0259st\u0259kl\u0259m\u0259k \u00fc\u00e7\u00fcn 27 iyul 2016-c\u0131 il tarixind\u0259 \"X\u0259z\u0259r Beyn\u0259lxalq \u0130nvestisiya \u015eirk\u0259ti\" QSC (CIIC) Dubendi rayonunda yerl\u0259\u015f\u0259n v\u0259 33% paya sahib olan m\u00fcasir istixana kompleksin\u0259 investisiya qoymu\u015fdur. Qalan 67% s\u0259hm yerli sahibkara m\u0259xsusdur.<\/p>\n<p>\u00dcmumi sah\u0259si 4 ha olan istixana kompleksi y\u00fcks\u0259k keyfiyy\u0259tli m\u0259hsullar\u0131n b\u00f6y\u00fcm\u0259sini t\u0259min etm\u0259k \u00fc\u00e7\u00fcn \u0130taliya, \u0130srail v\u0259 T\u00fcrkiy\u0259d\u0259n g\u0259tirilmi\u015f yenilik\u00e7i avadanl\u0131qlarla, damc\u0131 suvarma \u00fcsulu sistemi il\u0259 qurulmu\u015fdur. Avtomatik i\u015fl\u0259y\u0259n iqlim idar\u0259etm\u0259 sisteml\u0259ri, istilik v\u0259 havaland\u0131rma avadanl\u0131\u011f\u0131 istixana \u0259razisind\u0259ki sabit istiliyi, h\u0259m\u00e7inin t\u0259miz havan\u0131 qoruyur. \u0130stixana i\u015find\u0259 m\u00fcasir texnologiyalar\u0131n t\u0259tbiqi y\u00fcks\u0259k m\u0259hsuldarl\u0131\u011f\u0131n \u0259ld\u0259 edilm\u0259sind\u0259 v\u0259 \u0259halinin y\u00fcks\u0259k keyfiyy\u0259tli m\u0259hsulla t\u0259min olunmas\u0131nda b\u00f6y\u00fck rol oynay\u0131r. T\u0259r\u0259v\u0259z n\u00f6v\u00fcnd\u0259n as\u0131l\u0131 olaraq istixanan\u0131n illik m\u0259hsuldarl\u0131\u011f\u0131 200-250 ton \/ ha t\u0259\u015fkil edir. Bundan \u0259lav\u0259, \u00fczvi toxumlar\u0131n bec\u0259rilm\u0259si zaman\u0131 t\u0259tbiq olundu\u011funu v\u0259 kollar\u0131n tozlanmas\u0131n\u0131n spesifik ar\u0131 ail\u0259l\u0259ri t\u0259r\u0259find\u0259n h\u0259yata ke\u00e7irildiyini qeyd etm\u0259k laz\u0131md\u0131r. Bu da \u00f6z n\u00f6vb\u0259sind\u0259 m\u0259hsuldarl\u0131\u011fa v\u0259 \u0259traf m\u00fchit\u0259 uy\u011fun m\u00f6vs\u00fcmi m\u0259hsullar\u0131n bec\u0259rilm\u0259sin\u0259 t\u0259bii meyl g\u0259tirir. A\u00e7\u0131l\u0131\u015f yerind\u0259n sonra 40 a\u00e7\u0131q vakansiya il\u0259 t\u0259min oluna bil\u0259c\u0259yi g\u00f6zl\u0259nilir.<\/p>\n<p>Qeyd ed\u0259k ki, \"X\u0259z\u0259r Beyn\u0259lxalq \u0130nvestisiya \u015eirk\u0259ti\" QSC \u00d6z\u0259l Sektorun \u0130nki\u015faf\u0131 \u00fczr\u0259 \u0130slam Korporasiyas\u0131 v\u0259 Az\u0259rbaycan \u0130nvestisiya \u015eirk\u0259ti (A\u0130\u015e) t\u0259r\u0259find\u0259n 2008-ci ilin mart ay\u0131nda yarad\u0131l\u0131b. XB\u0130\u015e-in \u0259sas m\u0259qs\u0259di beyn\u0259lxalq investorlar\u0131n b\u00f6y\u00fcy\u0259n Az\u0259rbaycan iqtisadiyyat\u0131na m\u0259ruz qalmas\u0131 \u00fc\u00e7\u00fcn investisiya vasit\u0259si kimi xidm\u0259t etm\u0259kdir.<\/p>\n<p><em> 27 \u0130yul 2016<\/em><\/p>\n<hr \/>\n<p>&nbsp;<\/p>\n<h2>\"X\u0259z\u0259r Beyn\u0259lxalq \u0130nvestisiya \u015eirk\u0259ti\" QSC Plastik  \u0130stehsal\u0131 Layih\u0259sin\u0259 \u0130nvestisiya qoyub<\/h2>\n<p>Qeyri-neft sektorunu geni\u015fl\u0259ndirm\u0259k v\u0259 yerli iqtisadiyyat\u0131n inki\u015faf\u0131n\u0131 d\u0259st\u0259kl\u0259m\u0259k m\u0259qs\u0259di il\u0259 yarad\u0131lan \"X\u0259z\u0259r Beyn\u0259lxalq \u0130nvestisiya \u015eirk\u0259ti\" QSC, 2 Avqust 2016-c\u0131 il tarixind\u0259, Xa\u00e7maz rayonunda yerl\u0259\u015f\u0259c\u0259k plastik qablar istehsal m\u00fc\u0259ssis\u0259sin\u0259 s\u0259rmay\u0259 qoydu. Layih\u0259nin 53% -i \"X\u0259z\u0259r Beyn\u0259lxalq \u0130nvestisiya \u015eirk\u0259ti\", qalan 47% -i yerli sahibkara m\u0259xsusdur.<\/p>\n<p>\u201c2014-2018-ci ill\u0259rd\u0259 Az\u0259rbaycan Respublikas\u0131 regionlar\u0131n\u0131n sosial-iqtisadi inki\u015faf\u0131 D\u00f6vl\u0259t Proqram\u0131\u201d \u00e7\u0259r\u00e7iv\u0259sind\u0259 h\u0259yata ke\u00e7iril\u0259n t\u0259dbirl\u0259rd\u0259n biri olaraq m\u00f6vcud investisiya layih\u0259sinin f\u0259aliyy\u0259t\u0259 ba\u015flad\u0131\u011f\u0131 ilk pill\u0259d\u0259 10 bo\u015f i\u015f yeri il\u0259 t\u0259min oluna bil\u0259c\u0259yi g\u00f6zl\u0259nilir. M\u00fc\u0259ssis\u0259nin f\u0259aliyy\u0259ti zaman\u0131 m\u00fcasir standartlara cavab ver\u0259n m\u00fct\u0259r\u0259qqi texnikan\u0131n istifad\u0259si planla\u015fd\u0131r\u0131l\u0131r. \u00dcmumiyy\u0259tl\u0259, s\u00f6z\u00fcged\u0259n obyekt \u00f6lk\u0259nin \u015fimal b\u00f6lg\u0259l\u0259rind\u0259 \u0259kilmi\u015f meyv\u0259 v\u0259 t\u0259r\u0259v\u0259zin ixrac\u0131na k\u00f6m\u0259k m\u0259qs\u0259dil\u0259 qurulur v\u0259 g\u0259l\u0259c\u0259kd\u0259 bu sah\u0259y\u0259 b\u00f6y\u00fck t\u0259sir g\u00f6st\u0259r\u0259c\u0259yi g\u00f6zl\u0259nilir.<\/p>\n<p>Qeyd ed\u0259k ki, \"X\u0259z\u0259r Beyn\u0259lxalq \u0130nvestisiya \u015eirk\u0259ti\" QSC \u00d6z\u0259l Sektorun \u0130nki\u015faf\u0131 \u00fczr\u0259 \u0130slam Korporasiyas\u0131 v\u0259 Az\u0259rbaycan \u0130nvestisiya \u015eirk\u0259ti (A\u0130\u015e) t\u0259r\u0259find\u0259n 2008-ci ilin mart ay\u0131nda yarad\u0131l\u0131b. XB\u0130\u015e-in \u0259sas m\u0259qs\u0259di beyn\u0259lxalq investorlar\u0131n b\u00f6y\u00fcy\u0259n Az\u0259rbaycan iqtisadiyyat\u0131na m\u0259ruz qalmas\u0131 \u00fc\u00e7\u00fcn investisiya vasit\u0259si kimi xidm\u0259t etm\u0259kdir.<\/p>\n<p><em>02 Avqust 2016<\/em><\/p>\n<hr \/>\n<p>&nbsp;<\/p>\n<h2>\"X\u0259z\u0259r Beyn\u0259lxalq \u0130nvestisiya \u015eirk\u0259ti\" 7-ci Az\u0259rbaycan-Rusiya Regionlararas\u0131 Forumunda i\u015ftirak etmi\u015fdir<\/h2>\n<p>7-ci Az\u0259rbaycan-Rusiya Regionlararas\u0131 Forumu 1 noyabr 2016-c\u0131 il tarixind\u0259 Bak\u0131da, Heyd\u0259r \u018fliyev M\u0259rk\u0259zind\u0259 ba\u015flam\u0131\u015fd\u0131r. Az\u0259rbaycan Respublikas\u0131 \u0130qtisadiyyat Nazirliyi v\u0259 Rusiya Federasiyas\u0131n\u0131n \u0130qtisadi \u0130nki\u015faf Nazirliyi t\u0259r\u0259find\u0259n t\u0259\u015fkil olunan forumda h\u0259r iki t\u0259r\u0259fd\u0259n d\u00f6vl\u0259t r\u0259smil\u0259ri, parlament \u00fczvl\u0259ri v\u0259 inzibati institutlar\u0131n n\u00fcmay\u0259nd\u0259l\u0259ri, habel\u0259 iqtisadiyyat, s\u0259naye v\u0259 dig\u0259r \u015firk\u0259tl\u0259rin n\u00fcmay\u0259nd\u0259l\u0259ri  turizm, k\u0259nd t\u0259s\u0259rr\u00fcfat\u0131, tikinti, ticar\u0259t, konsaltinq, logistika, \u0259cza\u00e7\u0131l\u0131q, \u0130KT v\u0259 maliyy\u0259 bir araya g\u0259ldil\u0259r. Forumda \u00fcmumilikd\u0259 600 i\u015ftirak\u00e7\u0131, Rusiyadan 250-d\u0259n \u00e7ox v\u0259 Az\u0259rbaycandan 300 n\u0259f\u0259r i\u015ftirak etmi\u015fdir.<\/p>\n<p>T\u0259dbird\u0259 \u201cX\u0259z\u0259r Beyn\u0259lxalq \u0130nvestisiya \u015eirk\u0259ti\u201d r\u0259hb\u0259rliyi i\u015f adamlar\u0131 il\u0259 t\u0259kb\u0259t\u0259k g\u00f6r\u00fc\u015fl\u0259rd\u0259 i\u015ftirak etmi\u015fdir.<\/p>\n<p><img decoding=\"async\" class=\"gs-image\" src=\"http:\/\/ciic.az\/uploads\/default\/files\/1.jpg\" alt=\"Name\" width=\"200px\" \/>\u00a0<img decoding=\"async\" class=\"gs-image\" src=\"http:\/\/ciic.az\/uploads\/default\/files\/2.jpg\" alt=\"Name\" width=\"200px\" \/>\u00a0<img decoding=\"async\" class=\"gs-image\" src=\"http:\/\/ciic.az\/uploads\/default\/files\/3.jpg\" alt=\"Name\" width=\"200px\" \/><\/p>\n<p><em>01 Noyabr 2016<\/em><\/p>\n<hr \/>\n<h2>CIIC-d\u0259 Az\u0259rbaycan biznesin\u0259 g\u00fcz\u0259\u015ftli maliyy\u0259 t\u0259klif edildi<\/h2>\n<div class=\"post_body\">\n<p>Bak\u0131, Fineko \/ abc.az. Bu g\u00fcn Bak\u0131da \u0130slam \u0130nki\u015faf Bank\u0131n\u0131n (\u0130\u0130B Qrupu) himay\u0259si alt\u0131nda Az\u0259rbaycanda investisiya qoyulu\u015flar\u0131na dair beyn\u0259lxalq konfrans ke\u00e7irilir.<\/p>\n<p>\u0130qtisadiyyat naziri \u015eahin Mustafayev a\u00e7\u0131l\u0131\u015f\u0131nda Az\u0259rbaycan\u0131n 1992-ci ild\u0259 yarad\u0131lan \u0130\u0130B Qrupu il\u0259 \u0259la \u0259laq\u0259l\u0259rinin oldu\u011funu s\u00f6yl\u0259di.<\/p>\n<p>\u201cBu m\u00fcdd\u0259t \u0259rzind\u0259 \u0130slam Bank\u0131 \u00f6z\u00fc \u00f6lk\u0259d\u0259 1 milyard dollarl\u0131q 18 layih\u0259ni maliyy\u0259l\u0259\u015fdirdi v\u0259 14 layih\u0259 art\u0131q tamamland\u0131. \u00d6z\u0259l Sektorun \u0130nki\u015faf\u0131 \u00fczr\u0259 \u0130slam Korporasiyas\u0131 (ICD) ki\u00e7ik v\u0259 orta sahibkarl\u0131\u011f\u0131n d\u0259st\u0259kl\u0259nm\u0259sin\u0259 diqq\u0259t yetir\u0259r\u0259k 14 layih\u0259y\u0259 130 milyon dollar s\u0259rmay\u0259 qoymu\u015fdur \u201d Mustafayev bildirdi.<\/p>\n<p>ICD il\u0259 birlikd\u0259 X\u0259z\u0259r Beyn\u0259lxalq \u0130nvestisiya \u015eirk\u0259tini (CIIC) x\u00fcsusil\u0259 qeyd etdi.<\/p>\n<p>\"CIIC-in istifad\u0259 olunmam\u0131\u015f v\u0259saiti var v\u0259 biz yerli sahibkarlar\u0131 bundan yararlanaraq g\u00fcz\u0259\u015ftli kredit verm\u0259y\u0259  d\u0259v\u0259t edirik\" dedi Mustafayev.<\/p>\n<p>Onun s\u00f6zl\u0259rin\u0259 g\u00f6r\u0259, CIIC art\u0131q 6 layih\u0259y\u0259 investisiya yat\u0131r\u0131b,<\/p>\n<p>\u0130nvestisiya konfrans\u0131 50 xarici investoru bir araya g\u0259tirdi.<\/p>\n<p>&nbsp;<\/p>\n<p><a href=\"http:\/\/abc.az\/rus\/news\/investments\/100646.html\">http:\/\/abc.az\/rus\/news\/investments\/100646.html<\/a><\/p>\n<\/div>\n<p><em>09 Dekabr 2016<\/em><\/p>\n<hr \/>\n<h2>Beyn\u0259lxalq \u0130nvestisiya Konfrans\u0131 ke\u00e7irildi<\/h2>\n<div class=\"post_body\">\n<p>Dekabr\u0131n 8-d\u0259 Bak\u0131 Biznes M\u0259rk\u0259zind\u0259 \u0130qtisadiyyat Nazirliyi v\u0259 \u00d6z\u0259l Sektorun \u0130nki\u015faf\u0131 \u00fczr\u0259 \u0130slam Korporasiyas\u0131n\u0131n (\u0130\u0130K) t\u0259\u015fkil etdiyi Beyn\u0259lxalq \u0130nvestisiya Konfrans\u0131 ke\u00e7irildi. T\u0259dbird\u0259 24 \u00f6lk\u0259d\u0259n k\u0259nd t\u0259s\u0259rr\u00fcfat\u0131, qida istehlak\u0131, s\u0259naye, maliyy\u0259 xidm\u0259tl\u0259ri, t\u0259hsil v\u0259 turizm kimi m\u00fcxt\u0259lif sah\u0259l\u0259ri t\u0259msil ed\u0259n 200-d\u0259n \u00e7ox i\u015f adam\u0131 i\u015ftirak etmi\u015fdir. Konfrans\u0131 t\u0259\u015fkil etm\u0259kd\u0259 \u0259sas m\u0259qs\u0259d xarici i\u015f adamlar\u0131n\u0131 Az\u0259rbaycanda investisiya imkanlar\u0131 il\u0259 tan\u0131\u015f etm\u0259k, konkret layih\u0259l\u0259r \u00fcz\u0259rind\u0259 m\u00fczakir\u0259l\u0259r aparmaq idi.<\/p>\n<p>\u201cX\u0259z\u0259r Beyn\u0259lxalq \u0130nvestisiya \u015eirk\u0259ti\u201d QSC-nin ba\u015f direktoru c\u0259nab Elvin A\u015f\u0131rov \"\u0130nvestorlar\u0131n Az\u0259rbaycanda biznesin perspektivi\" adl\u0131 \u00fc\u00e7\u00fcnc\u00fc sessiyada art\u0131q \u015firk\u0259tin \u00fcmumi f\u0259aliyy\u0259ti v\u0259 g\u0259l\u0259c\u0259kd\u0259 realla\u015fd\u0131r\u0131lmas\u0131 planla\u015fd\u0131r\u0131lan layih\u0259si bar\u0259d\u0259 t\u0259qdimat etdi.<\/p>\n<p>International event was finalized by networking discussions within the businessmen.<\/p>\n<\/div>\n<p><em> 08 Dekabr 2016<\/em><\/p>\n<p>&nbsp;<\/p>","protected":false},"excerpt":{"rendered":"<p>CIIC attends Azerbaijan-Hungary Business Forum On March 6, Azerbaijan-Hungary Business Forum was held during the visit of Hungarian delegation headed by the Hungary Prime Minister Viktor Orban. The event was organized by the Azerbaijani Export and Investment Promotion Foundation (AZPROMO) and supported by the Ministry of Economy and Industry. The event which held at Baku [&hellip;]<\/p>","protected":false},"author":1,"featured_media":58,"parent":57,"menu_order":2,"comment_status":"closed","ping_status":"closed","template":"page-media-events.php","meta":{"_acf_changed":false,"footnotes":""},"class_list":["post-212","page","type-page","status-publish","has-post-thumbnail","hentry"],"acf":[],"_links":{"self":[{"href":"https:\/\/ciic.az\/az\/wp-json\/wp\/v2\/pages\/212","targetHints":{"allow":["GET"]}}],"collection":[{"href":"https:\/\/ciic.az\/az\/wp-json\/wp\/v2\/pages"}],"about":[{"href":"https:\/\/ciic.az\/az\/wp-json\/wp\/v2\/types\/page"}],"author":[{"embeddable":true,"href":"https:\/\/ciic.az\/az\/wp-json\/wp\/v2\/users\/1"}],"replies":[{"embeddable":true,"href":"https:\/\/ciic.az\/az\/wp-json\/wp\/v2\/comments?post=212"}],"version-history":[{"count":10,"href":"https:\/\/ciic.az\/az\/wp-json\/wp\/v2\/pages\/212\/revisions"}],"predecessor-version":[{"id":447,"href":"https:\/\/ciic.az\/az\/wp-json\/wp\/v2\/pages\/212\/revisions\/447"}],"up":[{"embeddable":true,"href":"https:\/\/ciic.az\/az\/wp-json\/wp\/v2\/pages\/57"}],"wp:featuredmedia":[{"embeddable":true,"href":"https:\/\/ciic.az\/az\/wp-json\/wp\/v2\/media\/58"}],"wp:attachment":[{"href":"https:\/\/ciic.az\/az\/wp-json\/wp\/v2\/media?parent=212"}],"curies":[{"name":"wp","href":"https:\/\/api.w.org\/{rel}","templated":true}]}}