{"id":21,"date":"2020-01-15T08:32:01","date_gmt":"2020-01-15T08:32:01","guid":{"rendered":"http:\/\/ciic.dev\/?page_id=21"},"modified":"2020-02-11T10:37:01","modified_gmt":"2020-02-11T10:37:01","slug":"about-corporate-ourvalues","status":"publish","type":"page","link":"https:\/\/ciic.az\/az\/about-corporate-ourvalues\/","title":{"rendered":"About us &#8211; Corporate &#8211; Our values"},"content":{"rendered":"<p><span style=\"font-family: Times New Roman, serif;\"><span style=\"font-size: medium;\"><b><span style=\"color: #943634;\"><span style=\"font-family: Calibri, serif;\">B\u00fct\u00f6vl\u00fck v\u0259 taml\u0131q<\/span><\/span><\/b><\/span><\/span><\/p>\n<p><span style=\"font-family: Times New Roman, serif;\"><span style=\"font-size: medium;\"><span style=\"color: #424242;\"><span style=\"font-family: Calibri, serif;\">XB\u0130\u015e vicdanl\u0131, d\u00fcr\u00fcst, h\u00fcquqi v\u0259 etik d\u0259y\u0259rl\u0259r il\u0259 m\u0259qs\u0259dl\u0259rin\u0259 nail olaraq, b\u00fct\u00fcn i\u015fg\u00fczar t\u0259cr\u00fcb\u0259l\u0259rd\u0259 b\u00fct\u00f6vl\u00fcy\u00fc v\u0259 taml\u0131\u011f\u0131 qorumaqda q\u0259rarl\u0131d\u0131r.. <\/span><\/span><\/span><\/span><\/p>\n<p><span style=\"font-family: Times New Roman, serif;\"><span style=\"font-size: medium;\"><b><span style=\"color: #943634;\"><span style=\"font-family: Calibri, serif;\">Pe\u015f\u0259karl\u0131q<\/span><\/span><\/b><\/span><\/span><\/p>\n<p><span style=\"font-family: Times New Roman, serif;\"><span style=\"font-size: medium;\"><span style=\"color: #424242;\"><span style=\"font-family: Calibri, serif;\">Yerli iqtisadiyyat, biznes sah\u0259l\u0259ri v\u0259 investisiya imkanlar\u0131na dair g\u00fccl\u00fc biliy\u0259 malik pe\u015f\u0259kar komandam\u0131z \u00f6z i\u015fl\u0259rin\u0259 \u0259n y\u00fcks\u0259k t\u0259cr\u00fcb\u0259ni \u0259lav\u0259 edirl\u0259r.<\/span><\/span><\/span><\/span><\/p>\n<p><span style=\"font-family: Times New Roman, serif;\"><span style=\"font-size: medium;\"><b><span style=\"color: #943634;\"><span style=\"font-family: Calibri, serif;\">M\u00fck\u0259mm\u0259llik v\u0259 \u0130nnovasiya<\/span><\/span><\/b><\/span><\/span><\/p>\n<p><span style=\"font-family: Times New Roman, serif;\"><span style=\"font-size: medium;\"><span style=\"color: #424242;\"><span style=\"font-family: Calibri, serif;\">M\u00fck\u0259mm\u0259llik ciddi t\u0259dqiqat, maraq v\u0259 davaml\u0131 t\u0259lim vasit\u0259sil\u0259 nail olunan investisiya prosesimizin \u0259sas h\u0259r\u0259k\u0259tverici q\u00fcvv\u0259sidir. Biz i\u015f\u00e7il\u0259rimizin i\u015fimizd\u0259 t\u0259tbiq oluna bil\u0259n innovativ ideyalar\u0131 ir\u0259li s\u00fcrm\u0259l\u0259rini t\u0259\u015fviq etm\u0259k \u00fc\u00e7\u00fcn a\u00e7\u0131q i\u015f m\u00fchitini t\u0259min edirik.<\/span><\/span><\/span><\/span><\/p>\n<p><span style=\"font-family: Times New Roman, serif;\"><span style=\"font-size: medium;\"><b><span style=\"color: #943634;\"><span style=\"font-family: Calibri, serif;\">Komanda i\u015fi<\/span><\/span><\/b><\/span><\/span><\/p>\n<p><span style=\"font-family: Times New Roman, serif;\"><span style=\"font-size: medium;\"><span style=\"color: #424242;\"><span style=\"font-family: Calibri, serif;\">Komanda i\u015fi m\u0259d\u0259niyy\u0259timizin \u0259sas\u0131n\u0131 t\u0259\u015fkil edir. H\u0259r bir komanda \u00fczv\u00fcn\u0259 h\u00f6rm\u0259tl\u0259 yana\u015f\u0131l\u0131r v\u0259 burada fikirl\u0259r, ideyalar v\u0259 arqumentl\u0259r bizim investisiya analizl\u0259rimizin \u0259sas\u0131n\u0131 t\u0259\u015fkil edir.<\/span><\/span><\/span><\/span><\/p>","protected":false},"excerpt":{"rendered":"<p>Integrity CIIC is committed to integrity in all its business practices, pursuing our aims through honest, legal and ethical values. Professionalism Our professional team with strong knowledge of the local economy, businesses and investment opportunities brings the highest level of expertise to their work. Excellence and Innovation Excellence is the driving force of our investment [&hellip;]<\/p>","protected":false},"author":1,"featured_media":16,"parent":0,"menu_order":0,"comment_status":"closed","ping_status":"closed","template":"page-about-corporate-ourvalues.php","meta":{"_acf_changed":false,"footnotes":""},"class_list":["post-21","page","type-page","status-publish","has-post-thumbnail","hentry"],"acf":[],"_links":{"self":[{"href":"https:\/\/ciic.az\/az\/wp-json\/wp\/v2\/pages\/21","targetHints":{"allow":["GET"]}}],"collection":[{"href":"https:\/\/ciic.az\/az\/wp-json\/wp\/v2\/pages"}],"about":[{"href":"https:\/\/ciic.az\/az\/wp-json\/wp\/v2\/types\/page"}],"author":[{"embeddable":true,"href":"https:\/\/ciic.az\/az\/wp-json\/wp\/v2\/users\/1"}],"replies":[{"embeddable":true,"href":"https:\/\/ciic.az\/az\/wp-json\/wp\/v2\/comments?post=21"}],"version-history":[{"count":6,"href":"https:\/\/ciic.az\/az\/wp-json\/wp\/v2\/pages\/21\/revisions"}],"predecessor-version":[{"id":166,"href":"https:\/\/ciic.az\/az\/wp-json\/wp\/v2\/pages\/21\/revisions\/166"}],"wp:featuredmedia":[{"embeddable":true,"href":"https:\/\/ciic.az\/az\/wp-json\/wp\/v2\/media\/16"}],"wp:attachment":[{"href":"https:\/\/ciic.az\/az\/wp-json\/wp\/v2\/media?parent=21"}],"curies":[{"name":"wp","href":"https:\/\/api.w.org\/{rel}","templated":true}]}}