{"id":19,"date":"2020-01-15T08:26:28","date_gmt":"2020-01-15T08:26:28","guid":{"rendered":"http:\/\/ciic.dev\/?page_id=19"},"modified":"2020-02-11T10:36:13","modified_gmt":"2020-02-11T10:36:13","slug":"about-corporate-missions","status":"publish","type":"page","link":"https:\/\/ciic.az\/az\/about-corporate-missions\/","title":{"rendered":"About us &#8211; Corporate &#8211; Missions and visions"},"content":{"rendered":"<p class=\"tabs__heading\">Missiya<\/p>\n<p class=\"tabs__text\">\u201cAz\u0259rbaycan\u0131n qeyri-neft v\u0259 qeyri-maliyy\u0259 sektorlar\u0131nda f\u0259aliyy\u0259t g\u00f6st\u0259r\u0259n s\u0259rf\u0259li v\u0259 davaml\u0131 biznes sah\u0259l\u0259rin\u0259 s\u0259rmay\u0259 yat\u0131rmaqla \u00f6lk\u0259 iqtisadiyyat\u0131n\u0131n diversifikasiyas\u0131na t\u00f6hf\u0259 verm\u0259k. \u00d6z\u0259l investisiya fondu olaraq bizim \u0259sas v\u0259zif\u0259miz s\u0259hmdarlar\u0131n s\u0259rv\u0259tini art\u0131rmaqd\u0131r.\u201d<\/p>\n<p class=\"tabs__heading\">M\u0259qs\u0259dimiz<\/p>\n<p class=\"tabs__text\">\u201cS\u0259rmay\u0259 qoydu\u011fumuz biznes sah\u0259l\u0259rin\u0259 dair \u0259lav\u0259 d\u0259y\u0259rli yana\u015fman\u0131 t\u0259min etm\u0259kl\u0259, Qafqazda \u00f6z\u0259l kapital investisiyalar\u0131 \u00fczr\u0259 lider olmaq.\u201d<\/p>","protected":false},"excerpt":{"rendered":"<p>Mission \u201cTo contribute to the diversification of the county\u2019s economy through investing in profitable and sustainable businesses operating in the non-oil and non-financial sectors of Azerbaijan\u201d Vision \u201cTo become a leader in private equity investments in Caucasus, by creating a value-add through hands-on approach to the businesses we invest.\u201d<\/p>","protected":false},"author":1,"featured_media":16,"parent":0,"menu_order":0,"comment_status":"closed","ping_status":"closed","template":"","meta":{"_acf_changed":false,"footnotes":""},"class_list":["post-19","page","type-page","status-publish","has-post-thumbnail","hentry"],"acf":[],"_links":{"self":[{"href":"https:\/\/ciic.az\/az\/wp-json\/wp\/v2\/pages\/19","targetHints":{"allow":["GET"]}}],"collection":[{"href":"https:\/\/ciic.az\/az\/wp-json\/wp\/v2\/pages"}],"about":[{"href":"https:\/\/ciic.az\/az\/wp-json\/wp\/v2\/types\/page"}],"author":[{"embeddable":true,"href":"https:\/\/ciic.az\/az\/wp-json\/wp\/v2\/users\/1"}],"replies":[{"embeddable":true,"href":"https:\/\/ciic.az\/az\/wp-json\/wp\/v2\/comments?post=19"}],"version-history":[{"count":5,"href":"https:\/\/ciic.az\/az\/wp-json\/wp\/v2\/pages\/19\/revisions"}],"predecessor-version":[{"id":165,"href":"https:\/\/ciic.az\/az\/wp-json\/wp\/v2\/pages\/19\/revisions\/165"}],"wp:featuredmedia":[{"embeddable":true,"href":"https:\/\/ciic.az\/az\/wp-json\/wp\/v2\/media\/16"}],"wp:attachment":[{"href":"https:\/\/ciic.az\/az\/wp-json\/wp\/v2\/media?parent=19"}],"curies":[{"name":"wp","href":"https:\/\/api.w.org\/{rel}","templated":true}]}}