{"id":133,"date":"2020-01-21T07:04:47","date_gmt":"2020-01-21T07:04:47","guid":{"rendered":"http:\/\/ciic.dev\/?page_id=133"},"modified":"2020-02-20T11:14:01","modified_gmt":"2020-02-20T11:14:01","slug":"november-2010","status":"publish","type":"page","link":"https:\/\/ciic.az\/az\/about-corporate-overview\/november-2010\/","title":{"rendered":"\u0130yun 2012"},"content":{"rendered":"<p>XB\u0130\u015e ilk d\u0259f\u0259 olaraq layih\u0259l\u0259rin birind\u0259n \u00e7\u0131x\u0131\u015f h\u0259yata ke\u00e7irmi\u015fdir<\/p>","protected":false},"excerpt":{"rendered":"<p>XB\u0130\u015e ilk d\u0259f\u0259 olaraq layih\u0259l\u0259rin birind\u0259n \u00e7\u0131x\u0131\u015f h\u0259yata ke\u00e7irmi\u015fdir<\/p>","protected":false},"author":1,"featured_media":16,"parent":13,"menu_order":0,"comment_status":"closed","ping_status":"closed","template":"page-about-corporate-overview.php","meta":{"_acf_changed":false,"footnotes":""},"class_list":["post-133","page","type-page","status-publish","has-post-thumbnail","hentry"],"acf":[],"_links":{"self":[{"href":"https:\/\/ciic.az\/az\/wp-json\/wp\/v2\/pages\/133","targetHints":{"allow":["GET"]}}],"collection":[{"href":"https:\/\/ciic.az\/az\/wp-json\/wp\/v2\/pages"}],"about":[{"href":"https:\/\/ciic.az\/az\/wp-json\/wp\/v2\/types\/page"}],"author":[{"embeddable":true,"href":"https:\/\/ciic.az\/az\/wp-json\/wp\/v2\/users\/1"}],"replies":[{"embeddable":true,"href":"https:\/\/ciic.az\/az\/wp-json\/wp\/v2\/comments?post=133"}],"version-history":[{"count":3,"href":"https:\/\/ciic.az\/az\/wp-json\/wp\/v2\/pages\/133\/revisions"}],"predecessor-version":[{"id":246,"href":"https:\/\/ciic.az\/az\/wp-json\/wp\/v2\/pages\/133\/revisions\/246"}],"up":[{"embeddable":true,"href":"https:\/\/ciic.az\/az\/wp-json\/wp\/v2\/pages\/13"}],"wp:featuredmedia":[{"embeddable":true,"href":"https:\/\/ciic.az\/az\/wp-json\/wp\/v2\/media\/16"}],"wp:attachment":[{"href":"https:\/\/ciic.az\/az\/wp-json\/wp\/v2\/media?parent=133"}],"curies":[{"name":"wp","href":"https:\/\/api.w.org\/{rel}","templated":true}]}}