{"id":13,"date":"2020-01-06T19:40:59","date_gmt":"2020-01-06T19:40:59","guid":{"rendered":"http:\/\/ciic.dev\/?page_id=13"},"modified":"2020-02-20T11:43:16","modified_gmt":"2020-02-20T11:43:16","slug":"about-corporate-overview","status":"publish","type":"page","link":"https:\/\/ciic.az\/az\/about-corporate-overview\/","title":{"rendered":"About us &#8211; Corporate &#8211; Overview"},"content":{"rendered":"<p><strong><b>\u201cX\u0259z\u0259r Beyn\u0259lxalq \u0130nvestisiya \u015eirk\u0259ti\u201d (XB\u0130\u015e) 2008-ci ilin mart ay\u0131nda \u00d6z\u0259l Sektorun \u0130nki\u015faf\u0131 \u00fczr\u0259 \u0130slam Korporasiyas\u0131 (ICD) v\u0259  Az\u0259rbaycan \u0130nvestisiya \u015eirk\u0259ti (A\u0130\u015e) t\u0259r\u0259find\u0259n Az\u0259rbaycan\u0131n qeyri-neft sektorunun geni\u015fl\u0259ndirilm\u0259si, \u0130slam prinsipl\u0259rin\u0259 \u0259saslanan investisiyalar\u0131n t\u0259\u015fviq edilm\u0259si v\u0259 yerli iqtisadiyyat\u0131n inki\u015faf\u0131na t\u00f6hf\u0259 verilm\u0259si m\u0259qs\u0259dl\u0259ri il\u0259 yarad\u0131lm\u0131\u015fd\u0131r. Sonrak\u0131 ill\u0259r \u0259rzind\u0259 k\u00f6rf\u0259z regionunu t\u0259msil ed\u0259n dig\u0259r s\u0259hmdarlar \u015eirk\u0259tin s\u0259hml\u0259rini \u0259ld\u0259 etmi\u015fdirl\u0259r.<\/b><\/strong> XB\u0130\u015e-in \u0259sas h\u0259d\u0259fi beyn\u0259lxalq investorlar\u0131n s\u00fcr\u0259tl\u0259 inki\u015faf ed\u0259n Az\u0259rbaycan\u0131n iqtisadiyyat bazar\u0131na daxil olmalar\u0131 \u00fc\u00e7\u00fcn investisiya al\u0259ti  kimi xidm\u0259t g\u00f6st\u0259rm\u0259kdir.<\/p>","protected":false},"excerpt":{"rendered":"<p>Caspian International Investment Company CJSC was established in March 2008 by Islamic Corporation for the Development of the Private Sector (ICD) and Azerbaijan Investment Company (AIC) with a view to enhance the non-oil sector of Azerbaijan, promote investments based on Islamic principles and contribute to the development of the domestic economy. The main goal of [&hellip;]<\/p>","protected":false},"author":1,"featured_media":16,"parent":0,"menu_order":0,"comment_status":"closed","ping_status":"closed","template":"page-about-corporate-overview.php","meta":{"_acf_changed":false,"footnotes":""},"class_list":["post-13","page","type-page","status-publish","has-post-thumbnail","hentry"],"acf":[],"_links":{"self":[{"href":"https:\/\/ciic.az\/az\/wp-json\/wp\/v2\/pages\/13","targetHints":{"allow":["GET"]}}],"collection":[{"href":"https:\/\/ciic.az\/az\/wp-json\/wp\/v2\/pages"}],"about":[{"href":"https:\/\/ciic.az\/az\/wp-json\/wp\/v2\/types\/page"}],"author":[{"embeddable":true,"href":"https:\/\/ciic.az\/az\/wp-json\/wp\/v2\/users\/1"}],"replies":[{"embeddable":true,"href":"https:\/\/ciic.az\/az\/wp-json\/wp\/v2\/comments?post=13"}],"version-history":[{"count":15,"href":"https:\/\/ciic.az\/az\/wp-json\/wp\/v2\/pages\/13\/revisions"}],"predecessor-version":[{"id":261,"href":"https:\/\/ciic.az\/az\/wp-json\/wp\/v2\/pages\/13\/revisions\/261"}],"wp:featuredmedia":[{"embeddable":true,"href":"https:\/\/ciic.az\/az\/wp-json\/wp\/v2\/media\/16"}],"wp:attachment":[{"href":"https:\/\/ciic.az\/az\/wp-json\/wp\/v2\/media?parent=13"}],"curies":[{"name":"wp","href":"https:\/\/api.w.org\/{rel}","templated":true}]}}